{"id":2378,"date":"2022-06-21T12:27:56","date_gmt":"2022-06-21T12:27:56","guid":{"rendered":"https:\/\/medusahumanrights.com\/privacy-policy\/"},"modified":"2023-07-07T10:51:53","modified_gmt":"2023-07-07T10:51:53","slug":"privacy-policy","status":"publish","type":"page","link":"https:\/\/medusahumanrights.com\/en\/privacy-policy\/","title":{"rendered":"Privacy Policy"},"content":{"rendered":"\t\t<div data-elementor-type=\"wp-page\" data-elementor-id=\"2378\" class=\"elementor elementor-2378 elementor-1434\" data-elementor-post-type=\"page\">\n\t\t\t\t\t\t<section class=\"elementor-section elementor-top-section elementor-element elementor-element-dc47d40 elementor-section-height-min-height elementor-section-boxed elementor-section-height-default elementor-section-items-middle\" data-id=\"dc47d40\" data-element_type=\"section\" data-e-type=\"section\" data-settings=\"{&quot;background_background&quot;:&quot;classic&quot;}\">\n\t\t\t\t\t\t\t<div class=\"elementor-background-overlay\"><\/div>\n\t\t\t\t\t\t\t<div class=\"elementor-container elementor-column-gap-default\">\n\t\t\t\t\t<div class=\"elementor-column elementor-col-100 elementor-top-column elementor-element elementor-element-8cdfee1\" data-id=\"8cdfee1\" data-element_type=\"column\" data-e-type=\"column\">\n\t\t\t<div class=\"elementor-widget-wrap elementor-element-populated\">\n\t\t\t\t\t\t<div class=\"elementor-element elementor-element-ce5538b elementor-widget elementor-widget-heading\" data-id=\"ce5538b\" data-element_type=\"widget\" data-e-type=\"widget\" data-widget_type=\"heading.default\">\n\t\t\t\t\t<h1 class=\"elementor-heading-title elementor-size-default\">Privacy Policy<\/h1>\t\t\t\t<\/div>\n\t\t\t\t\t<\/div>\n\t\t<\/div>\n\t\t\t\t\t<\/div>\n\t\t<\/section>\n\t\t\t\t<section class=\"elementor-section elementor-top-section elementor-element elementor-element-5225568 elementor-section-boxed elementor-section-height-default elementor-section-height-default\" data-id=\"5225568\" data-element_type=\"section\" data-e-type=\"section\">\n\t\t\t\t\t\t<div class=\"elementor-container elementor-column-gap-default\">\n\t\t\t\t\t<div class=\"elementor-column elementor-col-100 elementor-top-column elementor-element elementor-element-c50d3fc\" data-id=\"c50d3fc\" data-element_type=\"column\" data-e-type=\"column\">\n\t\t\t<div class=\"elementor-widget-wrap elementor-element-populated\">\n\t\t\t\t\t\t<div class=\"elementor-element elementor-element-09d9f93 elementor-widget elementor-widget-text-editor\" data-id=\"09d9f93\" data-element_type=\"widget\" data-e-type=\"widget\" data-widget_type=\"text-editor.default\">\n\t\t\t\t\t\t\t\t\t<p><strong>DATA PROTECTION AND PRIVACY POLICY<\/strong><\/p>\n<p>Medusa, hereinafter the party responsible for this Website and in accordance with the provisions of the current legislation on personal data protection, the GDPR (EU) 2016\/679, of 27 April, and the OLDP 3\/2018, of 5 December, and with the provisions of the LISS-EC 34\/2002, of 11 June, has implemented policies, means and procedures to guarantee and protect the privacy of the personal data of its USERS.<\/p>\n<p><strong>DUTY TO INFORM THE DATA SUBJECT ABOUT THE PROCESSING OF DATA ADDITIONAL INFORMATION. GDPR (EU) 2016\/679 OF 27 APRIL 2016 AND OLDP 3\/2018 OF 5 DECEMBER 2018.<\/strong><\/p>\n<p>In compliance with the provisions of articles 13 and 14 of the GDPR (EU) 2016\/679, of 27 April, and article 11 of the OLDP 3\/2018, of 5 December, we provide the interested party with additional information regarding the processing of their personal data.<\/p>\n<p><strong>The processing activity is<\/strong> CONTACTS VIA WEB CLIENTS, located at www.medusahumanrights.com. <br \/><strong>The party responsible for the processing is<\/strong>: Medusa, with Tax Identification Code: B09746181, and address at C\/Juan Esplandiu 12 C.P.: 28007 &#8211; Madrid (MADRID) as the party responsible for the processing. <br \/><strong>The purpose of the processing is:<\/strong> Management through the website of queries related to the activity of the data controller. <br \/><strong>The type of data of the interested party is as follows:<\/strong> Name and surname; Telephone numbers; E-mail address. <br \/><strong>The deadline for deletion<\/strong> of such data is 1 year from the insertion of the data. <br \/><strong>As regards the legal basis for the processing<\/strong>, it is the legitimate interest of the data controller.<\/p>\n<p>No profiling, automated decisions and\/or applied logic are foreseen. <\/p>\n<p>In relation to the recipients, the controller may transfer the personal data to recipients and service providers, provided that it is limited to the purpose that justifies it, as well as to the transfers provided for in the applicable legislation. The categories of recipients to which the data controller may transfer the personal data of the data subject are: No provision is made for transfers. Data Processors: The list of Data Processors can be found at: C\/Juan Esplandiu 28025 Madrid. On the other hand, as regards international transfers, no international transfer of personal data is foreseen. <\/p>\n<p>With regard to the rights that the interested party has in relation to his\/her data, he\/she may exercise the rights of access, rectification, suppression, limitation of processing, opposition, revocation, the right to the portability of his\/her data, the right to withdraw the consent given, by contacting Medusa as the data controller: <u><a href=\"mailto:info@medusahumanrights.com\">info@medusahumanrights.com<\/a><\/u>. The interested party also has the right to complain to the Supervisory Authority for data protection, the Spanish Data Protection Agency (AEPD, in Spanish).<\/p>\n\t\t\t\t\t\t\t\t<\/div>\n\t\t\t\t\t<\/div>\n\t\t<\/div>\n\t\t\t\t\t<\/div>\n\t\t<\/section>\n\t\t\t\t<\/div>\n\t\t","protected":false},"excerpt":{"rendered":"<p>Privacy Policy DATA PROTECTION AND PRIVACY POLICY Medusa, hereinafter the party responsible for this Website and in accordance with the provisions of the current legislation on personal data protection, the GDPR (EU) 2016\/679, of 27 April, and the OLDP 3\/2018, of 5 December, and with the provisions of the LISS-EC 34\/2002, of 11 June, has &hellip; <\/p>\n<p class=\"link-more\"><a href=\"https:\/\/medusahumanrights.com\/en\/privacy-policy\/\" class=\"more-link\">Continue reading<span class=\"screen-reader-text\"> &#8220;Privacy Policy&#8221;<\/span><\/a><\/p>\n","protected":false},"author":1,"featured_media":0,"parent":0,"menu_order":0,"comment_status":"closed","ping_status":"closed","template":"elementor_header_footer","meta":{"_monsterinsights_skip_tracking":false,"_monsterinsights_sitenote_active":false,"_monsterinsights_sitenote_note":"","_monsterinsights_sitenote_category":0,"_themeisle_gutenberg_block_has_review":false,"footnotes":""},"class_list":["post-2378","page","type-page","status-publish","hentry"],"yoast_head":"<!-- This site is optimized with the Yoast SEO plugin v27.3 - https:\/\/yoast.com\/product\/yoast-seo-wordpress\/ -->\n<title>Privacy Policy - MEDUSA | DERECHOS HUMANOS - Abogadas y consultoras<\/title>\n<meta name=\"robots\" content=\"noindex, nofollow\" \/>\n<meta property=\"og:locale\" content=\"en_US\" \/>\n<meta property=\"og:type\" content=\"article\" \/>\n<meta property=\"og:title\" content=\"Privacy Policy - MEDUSA | DERECHOS HUMANOS - Abogadas y consultoras\" \/>\n<meta property=\"og:description\" content=\"Privacy Policy DATA PROTECTION AND PRIVACY POLICY Medusa, hereinafter the party responsible for this Website and in accordance with the provisions of the current legislation on personal data protection, the GDPR (EU) 2016\/679, of 27 April, and the OLDP 3\/2018, of 5 December, and with the provisions of the LISS-EC 34\/2002, of 11 June, has &hellip; Continue reading &quot;Privacy Policy&quot;\" \/>\n<meta property=\"og:url\" content=\"https:\/\/medusahumanrights.com\/en\/privacy-policy\/\" \/>\n<meta property=\"og:site_name\" content=\"MEDUSA | DERECHOS HUMANOS - Abogadas y consultoras\" \/>\n<meta property=\"article:modified_time\" content=\"2023-07-07T10:51:53+00:00\" \/>\n<meta property=\"og:image\" content=\"https:\/\/medusahumanrights.com\/wp-content\/uploads\/2022\/06\/medusa-equipo-abogadas.jpg\" \/>\n\t<meta property=\"og:image:width\" content=\"2500\" \/>\n\t<meta property=\"og:image:height\" content=\"1667\" \/>\n\t<meta property=\"og:image:type\" content=\"image\/jpeg\" \/>\n<meta name=\"twitter:card\" content=\"summary_large_image\" \/>\n<meta name=\"twitter:label1\" content=\"Est. reading time\" \/>\n\t<meta name=\"twitter:data1\" content=\"2 minutes\" \/>\n<script type=\"application\/ld+json\" class=\"yoast-schema-graph\">{\"@context\":\"https:\\\/\\\/schema.org\",\"@graph\":[{\"@type\":\"WebPage\",\"@id\":\"https:\\\/\\\/medusahumanrights.com\\\/en\\\/privacy-policy\\\/\",\"url\":\"https:\\\/\\\/medusahumanrights.com\\\/en\\\/privacy-policy\\\/\",\"name\":\"Privacy Policy - MEDUSA | DERECHOS HUMANOS - Abogadas y consultoras\",\"isPartOf\":{\"@id\":\"https:\\\/\\\/medusahumanrights.com\\\/en\\\/#website\"},\"datePublished\":\"2022-06-21T12:27:56+00:00\",\"dateModified\":\"2023-07-07T10:51:53+00:00\",\"breadcrumb\":{\"@id\":\"https:\\\/\\\/medusahumanrights.com\\\/en\\\/privacy-policy\\\/#breadcrumb\"},\"inLanguage\":\"en-US\",\"potentialAction\":[{\"@type\":\"ReadAction\",\"target\":[\"https:\\\/\\\/medusahumanrights.com\\\/en\\\/privacy-policy\\\/\"]}]},{\"@type\":\"BreadcrumbList\",\"@id\":\"https:\\\/\\\/medusahumanrights.com\\\/en\\\/privacy-policy\\\/#breadcrumb\",\"itemListElement\":[{\"@type\":\"ListItem\",\"position\":1,\"name\":\"Portada\",\"item\":\"https:\\\/\\\/medusahumanrights.com\\\/en\\\/\"},{\"@type\":\"ListItem\",\"position\":2,\"name\":\"Privacy Policy\"}]},{\"@type\":\"WebSite\",\"@id\":\"https:\\\/\\\/medusahumanrights.com\\\/en\\\/#website\",\"url\":\"https:\\\/\\\/medusahumanrights.com\\\/en\\\/\",\"name\":\"MEDUSA | DERECHOS HUMANOS - Abogadas y consultoras\",\"description\":\"MEDUSA es un espacio de abogac\u00eda y consultor\u00eda creado con el objetivo de reivindicar la importancia de la aplicaci\u00f3n del derecho internacional de los derechos humanos en el \u00e1mbito espa\u00f1ol desde un enfoque interseccional.\",\"publisher\":{\"@id\":\"https:\\\/\\\/medusahumanrights.com\\\/en\\\/#organization\"},\"potentialAction\":[{\"@type\":\"SearchAction\",\"target\":{\"@type\":\"EntryPoint\",\"urlTemplate\":\"https:\\\/\\\/medusahumanrights.com\\\/en\\\/?s={search_term_string}\"},\"query-input\":{\"@type\":\"PropertyValueSpecification\",\"valueRequired\":true,\"valueName\":\"search_term_string\"}}],\"inLanguage\":\"en-US\"},{\"@type\":\"Organization\",\"@id\":\"https:\\\/\\\/medusahumanrights.com\\\/en\\\/#organization\",\"name\":\"MEDUSA - Abogadas y Consultoras\",\"url\":\"https:\\\/\\\/medusahumanrights.com\\\/en\\\/\",\"logo\":{\"@type\":\"ImageObject\",\"inLanguage\":\"en-US\",\"@id\":\"https:\\\/\\\/medusahumanrights.com\\\/en\\\/#\\\/schema\\\/logo\\\/image\\\/\",\"url\":\"https:\\\/\\\/medusahumanrights.com\\\/wp-content\\\/uploads\\\/2022\\\/03\\\/cropped-LOGO-MEDUSA-PNG.png\",\"contentUrl\":\"https:\\\/\\\/medusahumanrights.com\\\/wp-content\\\/uploads\\\/2022\\\/03\\\/cropped-LOGO-MEDUSA-PNG.png\",\"width\":870,\"height\":250,\"caption\":\"MEDUSA - Abogadas y Consultoras\"},\"image\":{\"@id\":\"https:\\\/\\\/medusahumanrights.com\\\/en\\\/#\\\/schema\\\/logo\\\/image\\\/\"},\"sameAs\":[\"https:\\\/\\\/www.linkedin.com\\\/company\\\/medusa-abogadas-y-consultoras\\\/\"]}]}<\/script>\n<!-- \/ Yoast SEO plugin. -->","yoast_head_json":{"title":"Privacy Policy - MEDUSA | DERECHOS HUMANOS - Abogadas y consultoras","robots":{"index":"noindex","follow":"nofollow"},"og_locale":"en_US","og_type":"article","og_title":"Privacy Policy - MEDUSA | DERECHOS HUMANOS - Abogadas y consultoras","og_description":"Privacy Policy DATA PROTECTION AND PRIVACY POLICY Medusa, hereinafter the party responsible for this Website and in accordance with the provisions of the current legislation on personal data protection, the GDPR (EU) 2016\/679, of 27 April, and the OLDP 3\/2018, of 5 December, and with the provisions of the LISS-EC 34\/2002, of 11 June, has &hellip; Continue reading \"Privacy Policy\"","og_url":"https:\/\/medusahumanrights.com\/en\/privacy-policy\/","og_site_name":"MEDUSA | DERECHOS HUMANOS - Abogadas y consultoras","article_modified_time":"2023-07-07T10:51:53+00:00","og_image":[{"width":2500,"height":1667,"url":"https:\/\/medusahumanrights.com\/wp-content\/uploads\/2022\/06\/medusa-equipo-abogadas.jpg","type":"image\/jpeg"}],"twitter_card":"summary_large_image","twitter_misc":{"Est. reading time":"2 minutes"},"schema":{"@context":"https:\/\/schema.org","@graph":[{"@type":"WebPage","@id":"https:\/\/medusahumanrights.com\/en\/privacy-policy\/","url":"https:\/\/medusahumanrights.com\/en\/privacy-policy\/","name":"Privacy Policy - MEDUSA | DERECHOS HUMANOS - Abogadas y consultoras","isPartOf":{"@id":"https:\/\/medusahumanrights.com\/en\/#website"},"datePublished":"2022-06-21T12:27:56+00:00","dateModified":"2023-07-07T10:51:53+00:00","breadcrumb":{"@id":"https:\/\/medusahumanrights.com\/en\/privacy-policy\/#breadcrumb"},"inLanguage":"en-US","potentialAction":[{"@type":"ReadAction","target":["https:\/\/medusahumanrights.com\/en\/privacy-policy\/"]}]},{"@type":"BreadcrumbList","@id":"https:\/\/medusahumanrights.com\/en\/privacy-policy\/#breadcrumb","itemListElement":[{"@type":"ListItem","position":1,"name":"Portada","item":"https:\/\/medusahumanrights.com\/en\/"},{"@type":"ListItem","position":2,"name":"Privacy Policy"}]},{"@type":"WebSite","@id":"https:\/\/medusahumanrights.com\/en\/#website","url":"https:\/\/medusahumanrights.com\/en\/","name":"MEDUSA | DERECHOS HUMANOS - Abogadas y consultoras","description":"MEDUSA es un espacio de abogac\u00eda y consultor\u00eda creado con el objetivo de reivindicar la importancia de la aplicaci\u00f3n del derecho internacional de los derechos humanos en el \u00e1mbito espa\u00f1ol desde un enfoque interseccional.","publisher":{"@id":"https:\/\/medusahumanrights.com\/en\/#organization"},"potentialAction":[{"@type":"SearchAction","target":{"@type":"EntryPoint","urlTemplate":"https:\/\/medusahumanrights.com\/en\/?s={search_term_string}"},"query-input":{"@type":"PropertyValueSpecification","valueRequired":true,"valueName":"search_term_string"}}],"inLanguage":"en-US"},{"@type":"Organization","@id":"https:\/\/medusahumanrights.com\/en\/#organization","name":"MEDUSA - Abogadas y Consultoras","url":"https:\/\/medusahumanrights.com\/en\/","logo":{"@type":"ImageObject","inLanguage":"en-US","@id":"https:\/\/medusahumanrights.com\/en\/#\/schema\/logo\/image\/","url":"https:\/\/medusahumanrights.com\/wp-content\/uploads\/2022\/03\/cropped-LOGO-MEDUSA-PNG.png","contentUrl":"https:\/\/medusahumanrights.com\/wp-content\/uploads\/2022\/03\/cropped-LOGO-MEDUSA-PNG.png","width":870,"height":250,"caption":"MEDUSA - Abogadas y Consultoras"},"image":{"@id":"https:\/\/medusahumanrights.com\/en\/#\/schema\/logo\/image\/"},"sameAs":["https:\/\/www.linkedin.com\/company\/medusa-abogadas-y-consultoras\/"]}]}},"_links":{"self":[{"href":"https:\/\/medusahumanrights.com\/en\/wp-json\/wp\/v2\/pages\/2378","targetHints":{"allow":["GET"]}}],"collection":[{"href":"https:\/\/medusahumanrights.com\/en\/wp-json\/wp\/v2\/pages"}],"about":[{"href":"https:\/\/medusahumanrights.com\/en\/wp-json\/wp\/v2\/types\/page"}],"author":[{"embeddable":true,"href":"https:\/\/medusahumanrights.com\/en\/wp-json\/wp\/v2\/users\/1"}],"replies":[{"embeddable":true,"href":"https:\/\/medusahumanrights.com\/en\/wp-json\/wp\/v2\/comments?post=2378"}],"version-history":[{"count":1,"href":"https:\/\/medusahumanrights.com\/en\/wp-json\/wp\/v2\/pages\/2378\/revisions"}],"predecessor-version":[{"id":2379,"href":"https:\/\/medusahumanrights.com\/en\/wp-json\/wp\/v2\/pages\/2378\/revisions\/2379"}],"wp:attachment":[{"href":"https:\/\/medusahumanrights.com\/en\/wp-json\/wp\/v2\/media?parent=2378"}],"curies":[{"name":"wp","href":"https:\/\/api.w.org\/{rel}","templated":true}]}}