{"id":2114,"date":"2022-03-08T10:35:17","date_gmt":"2022-03-08T10:35:17","guid":{"rendered":"https:\/\/medusahumanrights.com\/consultancy\/"},"modified":"2023-01-18T07:07:34","modified_gmt":"2023-01-18T07:07:34","slug":"consultancy","status":"publish","type":"page","link":"https:\/\/medusahumanrights.com\/en\/consultancy\/","title":{"rendered":"Consultancy"},"content":{"rendered":"\t\t<div data-elementor-type=\"wp-post\" data-elementor-id=\"2114\" class=\"elementor elementor-2114 elementor-124\" data-elementor-post-type=\"page\">\n\t\t\t\t\t\t<section class=\"elementor-section elementor-top-section elementor-element elementor-element-544cc392 elementor-section-height-min-height elementor-section-boxed elementor-section-height-default elementor-section-items-middle\" data-id=\"544cc392\" data-element_type=\"section\" data-e-type=\"section\" data-settings=\"{&quot;background_background&quot;:&quot;classic&quot;}\">\n\t\t\t\t\t\t\t<div class=\"elementor-background-overlay\"><\/div>\n\t\t\t\t\t\t\t<div class=\"elementor-container elementor-column-gap-default\">\n\t\t\t\t\t<div class=\"elementor-column elementor-col-100 elementor-top-column elementor-element elementor-element-29fb5aeb\" data-id=\"29fb5aeb\" data-element_type=\"column\" data-e-type=\"column\">\n\t\t\t<div class=\"elementor-widget-wrap elementor-element-populated\">\n\t\t\t\t\t\t<div class=\"elementor-element elementor-element-756f6b4f elementor-widget elementor-widget-heading\" data-id=\"756f6b4f\" data-element_type=\"widget\" data-e-type=\"widget\" data-widget_type=\"heading.default\">\n\t\t\t\t\t<h1 class=\"elementor-heading-title elementor-size-default\">Human rights consultancy<\/h1>\t\t\t\t<\/div>\n\t\t\t\t\t<\/div>\n\t\t<\/div>\n\t\t\t\t\t<\/div>\n\t\t<\/section>\n\t\t\t\t<section class=\"elementor-section elementor-top-section elementor-element elementor-element-6d13fd2c elementor-section-boxed elementor-section-height-default elementor-section-height-default\" data-id=\"6d13fd2c\" data-element_type=\"section\" data-e-type=\"section\">\n\t\t\t\t\t\t<div class=\"elementor-container elementor-column-gap-default\">\n\t\t\t\t\t<div class=\"elementor-column elementor-col-50 elementor-top-column elementor-element elementor-element-f70c924\" data-id=\"f70c924\" data-element_type=\"column\" data-e-type=\"column\">\n\t\t\t<div class=\"elementor-widget-wrap elementor-element-populated\">\n\t\t\t\t\t\t<div class=\"elementor-element elementor-element-2abe9d8f elementor-widget elementor-widget-heading\" data-id=\"2abe9d8f\" data-element_type=\"widget\" data-e-type=\"widget\" data-widget_type=\"heading.default\">\n\t\t\t\t\t<h2 class=\"elementor-heading-title elementor-size-default\">Consultancy services<\/h2>\t\t\t\t<\/div>\n\t\t\t\t\t<\/div>\n\t\t<\/div>\n\t\t\t\t<div class=\"elementor-column elementor-col-50 elementor-top-column elementor-element elementor-element-308925f1\" data-id=\"308925f1\" data-element_type=\"column\" data-e-type=\"column\">\n\t\t\t<div class=\"elementor-widget-wrap elementor-element-populated\">\n\t\t\t\t\t\t<div class=\"elementor-element elementor-element-65fbbfd2 elementor-widget elementor-widget-text-editor\" data-id=\"65fbbfd2\" data-element_type=\"widget\" data-e-type=\"widget\" data-widget_type=\"text-editor.default\">\n\t\t\t\t\t\t\t\t\t<p>The <strong>Medusa team<\/strong> applies a human rights and intersectional approach in its research methodologies. That is to say, we approach all our projects taking into account the different social and legal structures that affect people and groups.<\/p>\n\t\t\t\t\t\t\t\t<\/div>\n\t\t\t\t\t<\/div>\n\t\t<\/div>\n\t\t\t\t\t<\/div>\n\t\t<\/section>\n\t\t\t\t<section class=\"elementor-section elementor-top-section elementor-element elementor-element-250663c elementor-section-boxed elementor-section-height-default elementor-section-height-default\" data-id=\"250663c\" data-element_type=\"section\" data-e-type=\"section\" data-settings=\"{&quot;background_background&quot;:&quot;classic&quot;}\">\n\t\t\t\t\t\t<div class=\"elementor-container elementor-column-gap-default\">\n\t\t\t\t\t<div class=\"elementor-column elementor-col-33 elementor-top-column elementor-element elementor-element-6f02bb4\" data-id=\"6f02bb4\" data-element_type=\"column\" data-e-type=\"column\">\n\t\t\t<div class=\"elementor-widget-wrap elementor-element-populated\">\n\t\t\t\t\t\t<div class=\"elementor-element elementor-element-2432565 elementor-widget elementor-widget-image\" data-id=\"2432565\" data-element_type=\"widget\" data-e-type=\"widget\" data-widget_type=\"image.default\">\n\t\t\t\t\t\t\t\t\t\t\t\t\t\t\t<img fetchpriority=\"high\" decoding=\"async\" width=\"400\" height=\"400\" src=\"https:\/\/medusahumanrights.com\/wp-content\/uploads\/2022\/05\/analisis-juridico-derechos-humanos-400x400.png\" class=\"attachment-medium size-medium wp-image-2066\" alt=\"\" srcset=\"https:\/\/medusahumanrights.com\/wp-content\/uploads\/2022\/05\/analisis-juridico-derechos-humanos.png 400w, https:\/\/medusahumanrights.com\/wp-content\/uploads\/2022\/05\/analisis-juridico-derechos-humanos-100x100.png 100w\" sizes=\"100vw\" \/>\t\t\t\t\t\t\t\t\t\t\t\t\t\t\t<\/div>\n\t\t\t\t<div class=\"elementor-element elementor-element-5da1714 elementor-widget elementor-widget-heading\" data-id=\"5da1714\" data-element_type=\"widget\" data-e-type=\"widget\" data-widget_type=\"heading.default\">\n\t\t\t\t\t<h2 class=\"elementor-heading-title elementor-size-default\">Legal analysis with a human rights approach<\/h2>\t\t\t\t<\/div>\n\t\t\t\t<div class=\"elementor-element elementor-element-0712485 elementor-widget elementor-widget-text-editor\" data-id=\"0712485\" data-element_type=\"widget\" data-e-type=\"widget\" data-widget_type=\"text-editor.default\">\n\t\t\t\t\t\t\t\t\t<p>We improve the impact of your organisation&#8217;s political advocacy. Among other examples, we look at how to bring a regulation into line with international standards or we study human rights violations under international law. <\/p>\n\t\t\t\t\t\t\t\t<\/div>\n\t\t\t\t\t<\/div>\n\t\t<\/div>\n\t\t\t\t<div class=\"elementor-column elementor-col-33 elementor-top-column elementor-element elementor-element-f2313b6\" data-id=\"f2313b6\" data-element_type=\"column\" data-e-type=\"column\">\n\t\t\t<div class=\"elementor-widget-wrap elementor-element-populated\">\n\t\t\t\t\t\t<div class=\"elementor-element elementor-element-19f738e elementor-widget elementor-widget-image\" data-id=\"19f738e\" data-element_type=\"widget\" data-e-type=\"widget\" data-widget_type=\"image.default\">\n\t\t\t\t\t\t\t\t\t\t\t\t\t\t\t<img decoding=\"async\" width=\"400\" height=\"400\" src=\"https:\/\/medusahumanrights.com\/wp-content\/uploads\/2022\/05\/analisis-politicas-publicas-400x400.png\" class=\"attachment-medium size-medium wp-image-2067\" alt=\"\" srcset=\"https:\/\/medusahumanrights.com\/wp-content\/uploads\/2022\/05\/analisis-politicas-publicas.png 400w, https:\/\/medusahumanrights.com\/wp-content\/uploads\/2022\/05\/analisis-politicas-publicas-100x100.png 100w\" sizes=\"100vw\" \/>\t\t\t\t\t\t\t\t\t\t\t\t\t\t\t<\/div>\n\t\t\t\t<div class=\"elementor-element elementor-element-7a90a2d elementor-widget elementor-widget-heading\" data-id=\"7a90a2d\" data-element_type=\"widget\" data-e-type=\"widget\" data-widget_type=\"heading.default\">\n\t\t\t\t\t<h2 class=\"elementor-heading-title elementor-size-default\">Analysis, evaluation and design of public policies with a human rights approach<\/h2>\t\t\t\t<\/div>\n\t\t\t\t<div class=\"elementor-element elementor-element-f184a53 elementor-widget elementor-widget-text-editor\" data-id=\"f184a53\" data-element_type=\"widget\" data-e-type=\"widget\" data-widget_type=\"text-editor.default\">\n\t\t\t\t\t\t\t\t\t<p>We support your organisation in developing evidence-based public policy proposals, improving the quality of your advocacy. If you are a public administration, we advise you on how to design policies with a human rights approach.<\/p>\n\t\t\t\t\t\t\t\t<\/div>\n\t\t\t\t\t<\/div>\n\t\t<\/div>\n\t\t\t\t<div class=\"elementor-column elementor-col-33 elementor-top-column elementor-element elementor-element-e8ac346\" data-id=\"e8ac346\" data-element_type=\"column\" data-e-type=\"column\">\n\t\t\t<div class=\"elementor-widget-wrap elementor-element-populated\">\n\t\t\t\t\t\t<div class=\"elementor-element elementor-element-0fd6fcd elementor-widget elementor-widget-image\" data-id=\"0fd6fcd\" data-element_type=\"widget\" data-e-type=\"widget\" data-widget_type=\"image.default\">\n\t\t\t\t\t\t\t\t\t\t\t\t\t\t\t<img decoding=\"async\" width=\"400\" height=\"400\" src=\"https:\/\/medusahumanrights.com\/wp-content\/uploads\/2022\/05\/proyectos-investigacion-400x400.png\" class=\"attachment-medium size-medium wp-image-2068\" alt=\"\" srcset=\"https:\/\/medusahumanrights.com\/wp-content\/uploads\/2022\/05\/proyectos-investigacion.png 400w, https:\/\/medusahumanrights.com\/wp-content\/uploads\/2022\/05\/proyectos-investigacion-100x100.png 100w\" sizes=\"100vw\" \/>\t\t\t\t\t\t\t\t\t\t\t\t\t\t\t<\/div>\n\t\t\t\t<div class=\"elementor-element elementor-element-5a56ace elementor-widget elementor-widget-heading\" data-id=\"5a56ace\" data-element_type=\"widget\" data-e-type=\"widget\" data-widget_type=\"heading.default\">\n\t\t\t\t\t<h2 class=\"elementor-heading-title elementor-size-default\">Design and development of research projects with a human rights approach<\/h2>\t\t\t\t<\/div>\n\t\t\t\t<div class=\"elementor-element elementor-element-9f7bb62 elementor-widget elementor-widget-text-editor\" data-id=\"9f7bb62\" data-element_type=\"widget\" data-e-type=\"widget\" data-widget_type=\"text-editor.default\">\n\t\t\t\t\t\t\t\t\t<p>Has your organisation identified a problem, situation or unexplored reality and you want to explore it in depth? We design the research project and implement it in collaboration with your team.<\/p>\n\t\t\t\t\t\t\t\t<\/div>\n\t\t\t\t\t<\/div>\n\t\t<\/div>\n\t\t\t\t\t<\/div>\n\t\t<\/section>\n\t\t\t\t<section class=\"elementor-section elementor-top-section elementor-element elementor-element-f8533dd elementor-section-boxed elementor-section-height-default elementor-section-height-default\" data-id=\"f8533dd\" data-element_type=\"section\" data-e-type=\"section\" data-settings=\"{&quot;background_background&quot;:&quot;classic&quot;}\">\n\t\t\t\t\t\t<div class=\"elementor-container elementor-column-gap-default\">\n\t\t\t\t\t<div class=\"elementor-column elementor-col-25 elementor-top-column elementor-element elementor-element-772bd97 elementor-hidden-mobile\" data-id=\"772bd97\" data-element_type=\"column\" data-e-type=\"column\">\n\t\t\t<div class=\"elementor-widget-wrap\">\n\t\t\t\t\t\t\t<\/div>\n\t\t<\/div>\n\t\t\t\t<div class=\"elementor-column elementor-col-25 elementor-top-column elementor-element elementor-element-82f855e\" data-id=\"82f855e\" data-element_type=\"column\" data-e-type=\"column\">\n\t\t\t<div class=\"elementor-widget-wrap elementor-element-populated\">\n\t\t\t\t\t\t<div class=\"elementor-element elementor-element-49e8dc4 elementor-widget elementor-widget-image\" data-id=\"49e8dc4\" data-element_type=\"widget\" data-e-type=\"widget\" data-widget_type=\"image.default\">\n\t\t\t\t\t\t\t\t\t\t\t\t\t\t\t<img loading=\"lazy\" decoding=\"async\" width=\"400\" height=\"400\" src=\"https:\/\/medusahumanrights.com\/wp-content\/uploads\/2022\/05\/derecho-internacional-400x400.png\" class=\"attachment-medium size-medium wp-image-2069\" alt=\"\" srcset=\"https:\/\/medusahumanrights.com\/wp-content\/uploads\/2022\/05\/derecho-internacional.png 400w, https:\/\/medusahumanrights.com\/wp-content\/uploads\/2022\/05\/derecho-internacional-100x100.png 100w\" sizes=\"100vw\" \/>\t\t\t\t\t\t\t\t\t\t\t\t\t\t\t<\/div>\n\t\t\t\t<div class=\"elementor-element elementor-element-f065de5 elementor-widget elementor-widget-heading\" data-id=\"f065de5\" data-element_type=\"widget\" data-e-type=\"widget\" data-widget_type=\"heading.default\">\n\t\t\t\t\t<h2 class=\"elementor-heading-title elementor-size-default\">Advice on the implementation of international human rights law at the national level<\/h2>\t\t\t\t<\/div>\n\t\t\t\t<div class=\"elementor-element elementor-element-be6c8fe elementor-widget elementor-widget-text-editor\" data-id=\"be6c8fe\" data-element_type=\"widget\" data-e-type=\"widget\" data-widget_type=\"text-editor.default\">\n\t\t\t\t\t\t\t\t\t<p>We advise you on how to put international human rights obligations in practice in any given field.<\/p>\n\t\t\t\t\t\t\t\t<\/div>\n\t\t\t\t\t<\/div>\n\t\t<\/div>\n\t\t\t\t<div class=\"elementor-column elementor-col-25 elementor-top-column elementor-element elementor-element-211c85a\" data-id=\"211c85a\" data-element_type=\"column\" data-e-type=\"column\">\n\t\t\t<div class=\"elementor-widget-wrap elementor-element-populated\">\n\t\t\t\t\t\t<div class=\"elementor-element elementor-element-6811009 elementor-widget elementor-widget-image\" data-id=\"6811009\" data-element_type=\"widget\" data-e-type=\"widget\" data-widget_type=\"image.default\">\n\t\t\t\t\t\t\t\t\t\t\t\t\t\t\t<img loading=\"lazy\" decoding=\"async\" width=\"400\" height=\"400\" src=\"https:\/\/medusahumanrights.com\/wp-content\/uploads\/2022\/05\/formacion-400x400.png\" class=\"attachment-medium size-medium wp-image-2070\" alt=\"\" srcset=\"https:\/\/medusahumanrights.com\/wp-content\/uploads\/2022\/05\/formacion.png 400w, https:\/\/medusahumanrights.com\/wp-content\/uploads\/2022\/05\/formacion-100x100.png 100w\" sizes=\"100vw\" \/>\t\t\t\t\t\t\t\t\t\t\t\t\t\t\t<\/div>\n\t\t\t\t<div class=\"elementor-element elementor-element-22358d0 elementor-widget elementor-widget-heading\" data-id=\"22358d0\" data-element_type=\"widget\" data-e-type=\"widget\" data-widget_type=\"heading.default\">\n\t\t\t\t\t<h2 class=\"elementor-heading-title elementor-size-default\">Training<\/h2>\t\t\t\t<\/div>\n\t\t\t\t<div class=\"elementor-element elementor-element-3603231 elementor-widget elementor-widget-text-editor\" data-id=\"3603231\" data-element_type=\"widget\" data-e-type=\"widget\" data-widget_type=\"text-editor.default\">\n\t\t\t\t\t\t\t\t\t<p>We design and implement specialised training tailored to the needs of your organisation or administration. We conduct training on subjects such as human rights and international protection mechanisms, human trafficking, migration and international protection, immigration, children&#8217;s rights, gender, sexual and reproductive rights, intersectional discrimination, among many others. Tell us about your training needs and together with your team we will build an adapted training itinerary.<\/p>\n\t\t\t\t\t\t\t\t<\/div>\n\t\t\t\t\t<\/div>\n\t\t<\/div>\n\t\t\t\t<div class=\"elementor-column elementor-col-25 elementor-top-column elementor-element elementor-element-97ba64e elementor-hidden-mobile\" data-id=\"97ba64e\" data-element_type=\"column\" data-e-type=\"column\">\n\t\t\t<div class=\"elementor-widget-wrap\">\n\t\t\t\t\t\t\t<\/div>\n\t\t<\/div>\n\t\t\t\t\t<\/div>\n\t\t<\/section>\n\t\t\t\t<\/div>\n\t\t","protected":false},"excerpt":{"rendered":"<p>Human rights consultancy Consultancy services The Medusa team applies a human rights and intersectional approach in its research methodologies. That is to say, we approach all our projects taking into account the different social and legal structures that affect people and groups. Legal analysis with a human rights approach We improve the impact of your &hellip; <\/p>\n<p class=\"link-more\"><a href=\"https:\/\/medusahumanrights.com\/en\/consultancy\/\" class=\"more-link\">Continue reading<span class=\"screen-reader-text\"> &#8220;Consultancy&#8221;<\/span><\/a><\/p>\n","protected":false},"author":1,"featured_media":2063,"parent":0,"menu_order":0,"comment_status":"closed","ping_status":"closed","template":"elementor_header_footer","meta":{"_monsterinsights_skip_tracking":false,"_monsterinsights_sitenote_active":false,"_monsterinsights_sitenote_note":"","_monsterinsights_sitenote_category":0,"_themeisle_gutenberg_block_has_review":false,"footnotes":""},"class_list":["post-2114","page","type-page","status-publish","has-post-thumbnail","hentry"],"yoast_head":"<!-- This site is optimized with the Yoast SEO plugin v27.3 - https:\/\/yoast.com\/product\/yoast-seo-wordpress\/ -->\n<title>Consultancy - MEDUSA | DERECHOS HUMANOS - Abogadas y consultoras<\/title>\n<meta name=\"description\" content=\"The Medusa team applies a human rights and intersectional approach in its research methodologies. That is to say, we approach all our projects taking into account the different social and legal structures that affect people and groups.\" \/>\n<meta name=\"robots\" content=\"index, follow, max-snippet:-1, max-image-preview:large, max-video-preview:-1\" \/>\n<link rel=\"canonical\" href=\"https:\/\/medusahumanrights.com\/en\/consultancy\/\" \/>\n<meta property=\"og:locale\" content=\"en_US\" \/>\n<meta property=\"og:type\" content=\"article\" \/>\n<meta property=\"og:title\" content=\"Consultancy - MEDUSA | DERECHOS HUMANOS - Abogadas y consultoras\" \/>\n<meta property=\"og:description\" content=\"The Medusa team applies a human rights and intersectional approach in its research methodologies. That is to say, we approach all our projects taking into account the different social and legal structures that affect people and groups.\" \/>\n<meta property=\"og:url\" content=\"https:\/\/medusahumanrights.com\/en\/consultancy\/\" \/>\n<meta property=\"og:site_name\" content=\"MEDUSA | DERECHOS HUMANOS - Abogadas y consultoras\" \/>\n<meta property=\"article:modified_time\" content=\"2023-01-18T07:07:34+00:00\" \/>\n<meta property=\"og:image\" content=\"https:\/\/medusahumanrights.com\/wp-content\/uploads\/2022\/04\/3D4A4961.2.jpg\" \/>\n\t<meta property=\"og:image:width\" content=\"1920\" \/>\n\t<meta property=\"og:image:height\" content=\"1080\" \/>\n\t<meta property=\"og:image:type\" content=\"image\/jpeg\" \/>\n<meta name=\"twitter:card\" content=\"summary_large_image\" \/>\n<meta name=\"twitter:label1\" content=\"Est. reading time\" \/>\n\t<meta name=\"twitter:data1\" content=\"1 minute\" \/>\n<script type=\"application\/ld+json\" class=\"yoast-schema-graph\">{\"@context\":\"https:\\\/\\\/schema.org\",\"@graph\":[{\"@type\":\"WebPage\",\"@id\":\"https:\\\/\\\/medusahumanrights.com\\\/en\\\/consultancy\\\/\",\"url\":\"https:\\\/\\\/medusahumanrights.com\\\/en\\\/consultancy\\\/\",\"name\":\"Consultancy - MEDUSA | DERECHOS HUMANOS - Abogadas y consultoras\",\"isPartOf\":{\"@id\":\"https:\\\/\\\/medusahumanrights.com\\\/en\\\/#website\"},\"primaryImageOfPage\":{\"@id\":\"https:\\\/\\\/medusahumanrights.com\\\/en\\\/consultancy\\\/#primaryimage\"},\"image\":{\"@id\":\"https:\\\/\\\/medusahumanrights.com\\\/en\\\/consultancy\\\/#primaryimage\"},\"thumbnailUrl\":\"https:\\\/\\\/medusahumanrights.com\\\/wp-content\\\/uploads\\\/2022\\\/04\\\/3D4A4961.2.jpg\",\"datePublished\":\"2022-03-08T10:35:17+00:00\",\"dateModified\":\"2023-01-18T07:07:34+00:00\",\"description\":\"The Medusa team applies a human rights and intersectional approach in its research methodologies. That is to say, we approach all our projects taking into account the different social and legal structures that affect people and groups.\",\"breadcrumb\":{\"@id\":\"https:\\\/\\\/medusahumanrights.com\\\/en\\\/consultancy\\\/#breadcrumb\"},\"inLanguage\":\"en-US\",\"potentialAction\":[{\"@type\":\"ReadAction\",\"target\":[\"https:\\\/\\\/medusahumanrights.com\\\/en\\\/consultancy\\\/\"]}]},{\"@type\":\"ImageObject\",\"inLanguage\":\"en-US\",\"@id\":\"https:\\\/\\\/medusahumanrights.com\\\/en\\\/consultancy\\\/#primaryimage\",\"url\":\"https:\\\/\\\/medusahumanrights.com\\\/wp-content\\\/uploads\\\/2022\\\/04\\\/3D4A4961.2.jpg\",\"contentUrl\":\"https:\\\/\\\/medusahumanrights.com\\\/wp-content\\\/uploads\\\/2022\\\/04\\\/3D4A4961.2.jpg\",\"width\":1920,\"height\":1080},{\"@type\":\"BreadcrumbList\",\"@id\":\"https:\\\/\\\/medusahumanrights.com\\\/en\\\/consultancy\\\/#breadcrumb\",\"itemListElement\":[{\"@type\":\"ListItem\",\"position\":1,\"name\":\"Portada\",\"item\":\"https:\\\/\\\/medusahumanrights.com\\\/en\\\/\"},{\"@type\":\"ListItem\",\"position\":2,\"name\":\"Consultancy\"}]},{\"@type\":\"WebSite\",\"@id\":\"https:\\\/\\\/medusahumanrights.com\\\/en\\\/#website\",\"url\":\"https:\\\/\\\/medusahumanrights.com\\\/en\\\/\",\"name\":\"MEDUSA | DERECHOS HUMANOS - Abogadas y consultoras\",\"description\":\"MEDUSA es un espacio de abogac\u00eda y consultor\u00eda creado con el objetivo de reivindicar la importancia de la aplicaci\u00f3n del derecho internacional de los derechos humanos en el \u00e1mbito espa\u00f1ol desde un enfoque interseccional.\",\"publisher\":{\"@id\":\"https:\\\/\\\/medusahumanrights.com\\\/en\\\/#organization\"},\"potentialAction\":[{\"@type\":\"SearchAction\",\"target\":{\"@type\":\"EntryPoint\",\"urlTemplate\":\"https:\\\/\\\/medusahumanrights.com\\\/en\\\/?s={search_term_string}\"},\"query-input\":{\"@type\":\"PropertyValueSpecification\",\"valueRequired\":true,\"valueName\":\"search_term_string\"}}],\"inLanguage\":\"en-US\"},{\"@type\":\"Organization\",\"@id\":\"https:\\\/\\\/medusahumanrights.com\\\/en\\\/#organization\",\"name\":\"MEDUSA - Abogadas y Consultoras\",\"url\":\"https:\\\/\\\/medusahumanrights.com\\\/en\\\/\",\"logo\":{\"@type\":\"ImageObject\",\"inLanguage\":\"en-US\",\"@id\":\"https:\\\/\\\/medusahumanrights.com\\\/en\\\/#\\\/schema\\\/logo\\\/image\\\/\",\"url\":\"https:\\\/\\\/medusahumanrights.com\\\/wp-content\\\/uploads\\\/2022\\\/03\\\/cropped-LOGO-MEDUSA-PNG.png\",\"contentUrl\":\"https:\\\/\\\/medusahumanrights.com\\\/wp-content\\\/uploads\\\/2022\\\/03\\\/cropped-LOGO-MEDUSA-PNG.png\",\"width\":870,\"height\":250,\"caption\":\"MEDUSA - Abogadas y Consultoras\"},\"image\":{\"@id\":\"https:\\\/\\\/medusahumanrights.com\\\/en\\\/#\\\/schema\\\/logo\\\/image\\\/\"},\"sameAs\":[\"https:\\\/\\\/www.linkedin.com\\\/company\\\/medusa-abogadas-y-consultoras\\\/\"]}]}<\/script>\n<!-- \/ Yoast SEO plugin. -->","yoast_head_json":{"title":"Consultancy - MEDUSA | DERECHOS HUMANOS - Abogadas y consultoras","description":"The Medusa team applies a human rights and intersectional approach in its research methodologies. That is to say, we approach all our projects taking into account the different social and legal structures that affect people and groups.","robots":{"index":"index","follow":"follow","max-snippet":"max-snippet:-1","max-image-preview":"max-image-preview:large","max-video-preview":"max-video-preview:-1"},"canonical":"https:\/\/medusahumanrights.com\/en\/consultancy\/","og_locale":"en_US","og_type":"article","og_title":"Consultancy - MEDUSA | DERECHOS HUMANOS - Abogadas y consultoras","og_description":"The Medusa team applies a human rights and intersectional approach in its research methodologies. That is to say, we approach all our projects taking into account the different social and legal structures that affect people and groups.","og_url":"https:\/\/medusahumanrights.com\/en\/consultancy\/","og_site_name":"MEDUSA | DERECHOS HUMANOS - Abogadas y consultoras","article_modified_time":"2023-01-18T07:07:34+00:00","og_image":[{"width":1920,"height":1080,"url":"https:\/\/medusahumanrights.com\/wp-content\/uploads\/2022\/04\/3D4A4961.2.jpg","type":"image\/jpeg"}],"twitter_card":"summary_large_image","twitter_misc":{"Est. reading time":"1 minute"},"schema":{"@context":"https:\/\/schema.org","@graph":[{"@type":"WebPage","@id":"https:\/\/medusahumanrights.com\/en\/consultancy\/","url":"https:\/\/medusahumanrights.com\/en\/consultancy\/","name":"Consultancy - MEDUSA | DERECHOS HUMANOS - Abogadas y consultoras","isPartOf":{"@id":"https:\/\/medusahumanrights.com\/en\/#website"},"primaryImageOfPage":{"@id":"https:\/\/medusahumanrights.com\/en\/consultancy\/#primaryimage"},"image":{"@id":"https:\/\/medusahumanrights.com\/en\/consultancy\/#primaryimage"},"thumbnailUrl":"https:\/\/medusahumanrights.com\/wp-content\/uploads\/2022\/04\/3D4A4961.2.jpg","datePublished":"2022-03-08T10:35:17+00:00","dateModified":"2023-01-18T07:07:34+00:00","description":"The Medusa team applies a human rights and intersectional approach in its research methodologies. That is to say, we approach all our projects taking into account the different social and legal structures that affect people and groups.","breadcrumb":{"@id":"https:\/\/medusahumanrights.com\/en\/consultancy\/#breadcrumb"},"inLanguage":"en-US","potentialAction":[{"@type":"ReadAction","target":["https:\/\/medusahumanrights.com\/en\/consultancy\/"]}]},{"@type":"ImageObject","inLanguage":"en-US","@id":"https:\/\/medusahumanrights.com\/en\/consultancy\/#primaryimage","url":"https:\/\/medusahumanrights.com\/wp-content\/uploads\/2022\/04\/3D4A4961.2.jpg","contentUrl":"https:\/\/medusahumanrights.com\/wp-content\/uploads\/2022\/04\/3D4A4961.2.jpg","width":1920,"height":1080},{"@type":"BreadcrumbList","@id":"https:\/\/medusahumanrights.com\/en\/consultancy\/#breadcrumb","itemListElement":[{"@type":"ListItem","position":1,"name":"Portada","item":"https:\/\/medusahumanrights.com\/en\/"},{"@type":"ListItem","position":2,"name":"Consultancy"}]},{"@type":"WebSite","@id":"https:\/\/medusahumanrights.com\/en\/#website","url":"https:\/\/medusahumanrights.com\/en\/","name":"MEDUSA | DERECHOS HUMANOS - Abogadas y consultoras","description":"MEDUSA es un espacio de abogac\u00eda y consultor\u00eda creado con el objetivo de reivindicar la importancia de la aplicaci\u00f3n del derecho internacional de los derechos humanos en el \u00e1mbito espa\u00f1ol desde un enfoque interseccional.","publisher":{"@id":"https:\/\/medusahumanrights.com\/en\/#organization"},"potentialAction":[{"@type":"SearchAction","target":{"@type":"EntryPoint","urlTemplate":"https:\/\/medusahumanrights.com\/en\/?s={search_term_string}"},"query-input":{"@type":"PropertyValueSpecification","valueRequired":true,"valueName":"search_term_string"}}],"inLanguage":"en-US"},{"@type":"Organization","@id":"https:\/\/medusahumanrights.com\/en\/#organization","name":"MEDUSA - Abogadas y Consultoras","url":"https:\/\/medusahumanrights.com\/en\/","logo":{"@type":"ImageObject","inLanguage":"en-US","@id":"https:\/\/medusahumanrights.com\/en\/#\/schema\/logo\/image\/","url":"https:\/\/medusahumanrights.com\/wp-content\/uploads\/2022\/03\/cropped-LOGO-MEDUSA-PNG.png","contentUrl":"https:\/\/medusahumanrights.com\/wp-content\/uploads\/2022\/03\/cropped-LOGO-MEDUSA-PNG.png","width":870,"height":250,"caption":"MEDUSA - Abogadas y Consultoras"},"image":{"@id":"https:\/\/medusahumanrights.com\/en\/#\/schema\/logo\/image\/"},"sameAs":["https:\/\/www.linkedin.com\/company\/medusa-abogadas-y-consultoras\/"]}]}},"_links":{"self":[{"href":"https:\/\/medusahumanrights.com\/en\/wp-json\/wp\/v2\/pages\/2114","targetHints":{"allow":["GET"]}}],"collection":[{"href":"https:\/\/medusahumanrights.com\/en\/wp-json\/wp\/v2\/pages"}],"about":[{"href":"https:\/\/medusahumanrights.com\/en\/wp-json\/wp\/v2\/types\/page"}],"author":[{"embeddable":true,"href":"https:\/\/medusahumanrights.com\/en\/wp-json\/wp\/v2\/users\/1"}],"replies":[{"embeddable":true,"href":"https:\/\/medusahumanrights.com\/en\/wp-json\/wp\/v2\/comments?post=2114"}],"version-history":[{"count":1,"href":"https:\/\/medusahumanrights.com\/en\/wp-json\/wp\/v2\/pages\/2114\/revisions"}],"predecessor-version":[{"id":2115,"href":"https:\/\/medusahumanrights.com\/en\/wp-json\/wp\/v2\/pages\/2114\/revisions\/2115"}],"wp:featuredmedia":[{"embeddable":true,"href":"https:\/\/medusahumanrights.com\/en\/wp-json\/wp\/v2\/media\/2063"}],"wp:attachment":[{"href":"https:\/\/medusahumanrights.com\/en\/wp-json\/wp\/v2\/media?parent=2114"}],"curies":[{"name":"wp","href":"https:\/\/api.w.org\/{rel}","templated":true}]}}