{"id":2112,"date":"2022-03-08T10:35:22","date_gmt":"2022-03-08T10:35:22","guid":{"rendered":"https:\/\/medusahumanrights.com\/advocacy\/"},"modified":"2023-01-18T07:03:37","modified_gmt":"2023-01-18T07:03:37","slug":"advocacy","status":"publish","type":"page","link":"https:\/\/medusahumanrights.com\/en\/advocacy\/","title":{"rendered":"Advocacy"},"content":{"rendered":"\t\t<div data-elementor-type=\"wp-post\" data-elementor-id=\"2112\" class=\"elementor elementor-2112 elementor-129\" data-elementor-post-type=\"page\">\n\t\t\t\t\t\t<section class=\"elementor-section elementor-top-section elementor-element elementor-element-73366713 elementor-section-height-min-height elementor-section-boxed elementor-section-height-default elementor-section-items-middle\" data-id=\"73366713\" data-element_type=\"section\" data-e-type=\"section\" data-settings=\"{&quot;background_background&quot;:&quot;classic&quot;}\">\n\t\t\t\t\t\t\t<div class=\"elementor-background-overlay\"><\/div>\n\t\t\t\t\t\t\t<div class=\"elementor-container elementor-column-gap-default\">\n\t\t\t\t\t<div class=\"elementor-column elementor-col-100 elementor-top-column elementor-element elementor-element-348cda46\" data-id=\"348cda46\" data-element_type=\"column\" data-e-type=\"column\">\n\t\t\t<div class=\"elementor-widget-wrap elementor-element-populated\">\n\t\t\t\t\t\t<div class=\"elementor-element elementor-element-29ab08dd elementor-widget elementor-widget-heading\" data-id=\"29ab08dd\" data-element_type=\"widget\" data-e-type=\"widget\" data-widget_type=\"heading.default\">\n\t\t\t\t\t<h1 class=\"elementor-heading-title elementor-size-default\">Human Rights <br> Advocacy<\/h1>\t\t\t\t<\/div>\n\t\t\t\t\t<\/div>\n\t\t<\/div>\n\t\t\t\t\t<\/div>\n\t\t<\/section>\n\t\t\t\t<section class=\"elementor-section elementor-top-section elementor-element elementor-element-54a46d8e elementor-section-boxed elementor-section-height-default elementor-section-height-default\" data-id=\"54a46d8e\" data-element_type=\"section\" data-e-type=\"section\">\n\t\t\t\t\t\t<div class=\"elementor-container elementor-column-gap-default\">\n\t\t\t\t\t<div class=\"elementor-column elementor-col-50 elementor-top-column elementor-element elementor-element-3ac8612a\" data-id=\"3ac8612a\" data-element_type=\"column\" data-e-type=\"column\">\n\t\t\t<div class=\"elementor-widget-wrap elementor-element-populated\">\n\t\t\t\t\t\t<div class=\"elementor-element elementor-element-134e13c2 elementor-widget elementor-widget-heading\" data-id=\"134e13c2\" data-element_type=\"widget\" data-e-type=\"widget\" data-widget_type=\"heading.default\">\n\t\t\t\t\t<h2 class=\"elementor-heading-title elementor-size-default\">Advocacy services<\/h2>\t\t\t\t<\/div>\n\t\t\t\t\t<\/div>\n\t\t<\/div>\n\t\t\t\t<div class=\"elementor-column elementor-col-50 elementor-top-column elementor-element elementor-element-1dfec571\" data-id=\"1dfec571\" data-element_type=\"column\" data-e-type=\"column\">\n\t\t\t<div class=\"elementor-widget-wrap elementor-element-populated\">\n\t\t\t\t\t\t<div class=\"elementor-element elementor-element-1a1d9c14 elementor-widget elementor-widget-text-editor\" data-id=\"1a1d9c14\" data-element_type=\"widget\" data-e-type=\"widget\" data-widget_type=\"text-editor.default\">\n\t\t\t\t\t\t\t\t\t<p>At Medusa we approach all our cases from an intersectional approach. That is to say, whatever the situation is, we will take into account all those social and legal structures that affect the concerned person or group.<\/p>\n\t\t\t\t\t\t\t\t<\/div>\n\t\t\t\t\t<\/div>\n\t\t<\/div>\n\t\t\t\t\t<\/div>\n\t\t<\/section>\n\t\t\t\t<section class=\"elementor-section elementor-top-section elementor-element elementor-element-13cc8e43 elementor-section-boxed elementor-section-height-default elementor-section-height-default\" data-id=\"13cc8e43\" data-element_type=\"section\" data-e-type=\"section\" data-settings=\"{&quot;background_background&quot;:&quot;classic&quot;}\">\n\t\t\t\t\t\t<div class=\"elementor-container elementor-column-gap-default\">\n\t\t\t\t\t<div class=\"elementor-column elementor-col-33 elementor-top-column elementor-element elementor-element-7cdf36ff\" data-id=\"7cdf36ff\" data-element_type=\"column\" data-e-type=\"column\">\n\t\t\t<div class=\"elementor-widget-wrap elementor-element-populated\">\n\t\t\t\t\t\t<div class=\"elementor-element elementor-element-6134960 elementor-widget elementor-widget-image\" data-id=\"6134960\" data-element_type=\"widget\" data-e-type=\"widget\" data-widget_type=\"image.default\">\n\t\t\t\t\t\t\t\t\t\t\t\t\t\t\t<img fetchpriority=\"high\" decoding=\"async\" width=\"400\" height=\"400\" src=\"https:\/\/medusahumanrights.com\/wp-content\/uploads\/2022\/04\/viabilidad-mecanismo-internacionales-400x400.png\" class=\"attachment-medium size-medium wp-image-2053\" alt=\"\" srcset=\"https:\/\/medusahumanrights.com\/wp-content\/uploads\/2022\/04\/viabilidad-mecanismo-internacionales.png 400w, https:\/\/medusahumanrights.com\/wp-content\/uploads\/2022\/04\/viabilidad-mecanismo-internacionales-100x100.png 100w\" sizes=\"100vw\" \/>\t\t\t\t\t\t\t\t\t\t\t\t\t\t\t<\/div>\n\t\t\t\t<div class=\"elementor-element elementor-element-2de13779 elementor-widget elementor-widget-heading\" data-id=\"2de13779\" data-element_type=\"widget\" data-e-type=\"widget\" data-widget_type=\"heading.default\">\n\t\t\t\t\t<h2 class=\"elementor-heading-title elementor-size-default\">Feasibility study of cases before international mechanisms<\/h2>\t\t\t\t<\/div>\n\t\t\t\t<div class=\"elementor-element elementor-element-19455515 elementor-widget elementor-widget-text-editor\" data-id=\"19455515\" data-element_type=\"widget\" data-e-type=\"widget\" data-widget_type=\"text-editor.default\">\n\t\t\t\t\t\t\t\t\t<p>Are you an organisation or a lawyer? Do you have a case and have exhausted all options at the national level? Are you looking for solutions but don&#8217;t know what else to do? We will study your case and look for creative solutions through international human rights law (UN Committees, European Court of Human Rights, European Committee of Social Rights).<\/p>\n\t\t\t\t\t\t\t\t<\/div>\n\t\t\t\t\t<\/div>\n\t\t<\/div>\n\t\t\t\t<div class=\"elementor-column elementor-col-33 elementor-top-column elementor-element elementor-element-d20f881\" data-id=\"d20f881\" data-element_type=\"column\" data-e-type=\"column\">\n\t\t\t<div class=\"elementor-widget-wrap elementor-element-populated\">\n\t\t\t\t\t\t<div class=\"elementor-element elementor-element-d21efaf elementor-widget elementor-widget-image\" data-id=\"d21efaf\" data-element_type=\"widget\" data-e-type=\"widget\" data-widget_type=\"image.default\">\n\t\t\t\t\t\t\t\t\t\t\t\t\t\t\t<img decoding=\"async\" width=\"400\" height=\"400\" src=\"https:\/\/medusahumanrights.com\/wp-content\/uploads\/2022\/04\/defensa-juridica-400x400.png\" class=\"attachment-medium size-medium wp-image-2054\" alt=\"\" srcset=\"https:\/\/medusahumanrights.com\/wp-content\/uploads\/2022\/04\/defensa-juridica.png 400w, https:\/\/medusahumanrights.com\/wp-content\/uploads\/2022\/04\/defensa-juridica-100x100.png 100w\" sizes=\"100vw\" \/>\t\t\t\t\t\t\t\t\t\t\t\t\t\t\t<\/div>\n\t\t\t\t<div class=\"elementor-element elementor-element-1352b71 elementor-widget elementor-widget-heading\" data-id=\"1352b71\" data-element_type=\"widget\" data-e-type=\"widget\" data-widget_type=\"heading.default\">\n\t\t\t\t\t<h2 class=\"elementor-heading-title elementor-size-default\">Legal advice and\/or defence before international mechanisms<\/h2>\t\t\t\t<\/div>\n\t\t\t\t<div class=\"elementor-element elementor-element-c0331f0 elementor-widget elementor-widget-text-editor\" data-id=\"c0331f0\" data-element_type=\"widget\" data-e-type=\"widget\" data-widget_type=\"text-editor.default\">\n\t\t\t\t\t\t\t\t\t<p>Once we see that the case is realistically feasible, we can take on the representation or accompany the lawyers in the defence of the case before international and European human rights protection mechanisms.<\/p>\n\t\t\t\t\t\t\t\t<\/div>\n\t\t\t\t\t<\/div>\n\t\t<\/div>\n\t\t\t\t<div class=\"elementor-column elementor-col-33 elementor-top-column elementor-element elementor-element-b2629b2\" data-id=\"b2629b2\" data-element_type=\"column\" data-e-type=\"column\">\n\t\t\t<div class=\"elementor-widget-wrap elementor-element-populated\">\n\t\t\t\t\t\t<div class=\"elementor-element elementor-element-05bd6a3 elementor-widget elementor-widget-image\" data-id=\"05bd6a3\" data-element_type=\"widget\" data-e-type=\"widget\" data-widget_type=\"image.default\">\n\t\t\t\t\t\t\t\t\t\t\t\t\t\t\t<img decoding=\"async\" width=\"400\" height=\"400\" src=\"https:\/\/medusahumanrights.com\/wp-content\/uploads\/2022\/04\/defensa-juridica-espanola-400x400.png\" class=\"attachment-medium size-medium wp-image-2055\" alt=\"\" srcset=\"https:\/\/medusahumanrights.com\/wp-content\/uploads\/2022\/04\/defensa-juridica-espanola.png 400w, https:\/\/medusahumanrights.com\/wp-content\/uploads\/2022\/04\/defensa-juridica-espanola-100x100.png 100w\" sizes=\"100vw\" \/>\t\t\t\t\t\t\t\t\t\t\t\t\t\t\t<\/div>\n\t\t\t\t<div class=\"elementor-element elementor-element-c7073bc elementor-widget elementor-widget-heading\" data-id=\"c7073bc\" data-element_type=\"widget\" data-e-type=\"widget\" data-widget_type=\"heading.default\">\n\t\t\t\t\t<h2 class=\"elementor-heading-title elementor-size-default\">Legal advice and\/or defence before the Spanish jurisdiction<\/h2>\t\t\t\t<\/div>\n\t\t\t\t<div class=\"elementor-element elementor-element-2e3e4d7 elementor-widget elementor-widget-text-editor\" data-id=\"2e3e4d7\" data-element_type=\"widget\" data-e-type=\"widget\" data-widget_type=\"text-editor.default\">\n\t\t\t\t\t\t\t\t\t<p>We represent in cases of human rights violations related to: human trafficking , international protection, immigration, children\u2019s protection, Children\u2019s criminal liability, gender-based violence, violence against children, sexual and reproductive rights, economic and social rights, discrimination.<\/p>\n\t\t\t\t\t\t\t\t<\/div>\n\t\t\t\t\t<\/div>\n\t\t<\/div>\n\t\t\t\t\t<\/div>\n\t\t<\/section>\n\t\t\t\t<section class=\"elementor-section elementor-top-section elementor-element elementor-element-597ced7 elementor-section-boxed elementor-section-height-default elementor-section-height-default\" data-id=\"597ced7\" data-element_type=\"section\" data-e-type=\"section\" data-settings=\"{&quot;background_background&quot;:&quot;classic&quot;}\">\n\t\t\t\t\t\t<div class=\"elementor-container elementor-column-gap-default\">\n\t\t\t\t\t<div class=\"elementor-column elementor-col-25 elementor-top-column elementor-element elementor-element-91d9898 elementor-hidden-mobile\" data-id=\"91d9898\" data-element_type=\"column\" data-e-type=\"column\">\n\t\t\t<div class=\"elementor-widget-wrap\">\n\t\t\t\t\t\t\t<\/div>\n\t\t<\/div>\n\t\t\t\t<div class=\"elementor-column elementor-col-25 elementor-top-column elementor-element elementor-element-d3fd0a4\" data-id=\"d3fd0a4\" data-element_type=\"column\" data-e-type=\"column\">\n\t\t\t<div class=\"elementor-widget-wrap elementor-element-populated\">\n\t\t\t\t\t\t<div class=\"elementor-element elementor-element-f971441 elementor-widget elementor-widget-image\" data-id=\"f971441\" data-element_type=\"widget\" data-e-type=\"widget\" data-widget_type=\"image.default\">\n\t\t\t\t\t\t\t\t\t\t\t\t\t\t\t<img loading=\"lazy\" decoding=\"async\" width=\"400\" height=\"400\" src=\"https:\/\/medusahumanrights.com\/wp-content\/uploads\/2022\/04\/litigio-estrategico-400x400.png\" class=\"attachment-medium size-medium wp-image-2056\" alt=\"\" srcset=\"https:\/\/medusahumanrights.com\/wp-content\/uploads\/2022\/04\/litigio-estrategico.png 400w, https:\/\/medusahumanrights.com\/wp-content\/uploads\/2022\/04\/litigio-estrategico-100x100.png 100w\" sizes=\"100vw\" \/>\t\t\t\t\t\t\t\t\t\t\t\t\t\t\t<\/div>\n\t\t\t\t<div class=\"elementor-element elementor-element-fbef0ae elementor-widget elementor-widget-heading\" data-id=\"fbef0ae\" data-element_type=\"widget\" data-e-type=\"widget\" data-widget_type=\"heading.default\">\n\t\t\t\t\t<h2 class=\"elementor-heading-title elementor-size-default\">Support in legal strategies development<\/h2>\t\t\t\t<\/div>\n\t\t\t\t<div class=\"elementor-element elementor-element-f080c5a elementor-widget elementor-widget-text-editor\" data-id=\"f080c5a\" data-element_type=\"widget\" data-e-type=\"widget\" data-widget_type=\"text-editor.default\">\n\t\t\t\t\t\t\t\t\t<p>Incorporating international human rights law into legal arguments can improve the defence of cases at the national level, as well as the possibilities of resorting to international mechanisms in case of need. We can help you develop a legal strategy for your case and incorporate international human rights law.<\/p>\n\t\t\t\t\t\t\t\t<\/div>\n\t\t\t\t\t<\/div>\n\t\t<\/div>\n\t\t\t\t<div class=\"elementor-column elementor-col-25 elementor-top-column elementor-element elementor-element-de5b38f\" data-id=\"de5b38f\" data-element_type=\"column\" data-e-type=\"column\">\n\t\t\t<div class=\"elementor-widget-wrap elementor-element-populated\">\n\t\t\t\t\t\t<div class=\"elementor-element elementor-element-de32c8f elementor-widget elementor-widget-image\" data-id=\"de32c8f\" data-element_type=\"widget\" data-e-type=\"widget\" data-widget_type=\"image.default\">\n\t\t\t\t\t\t\t\t\t\t\t\t\t\t\t<img loading=\"lazy\" decoding=\"async\" width=\"400\" height=\"400\" src=\"https:\/\/medusahumanrights.com\/wp-content\/uploads\/2022\/04\/litigio-derechos-humanos-400x400.png\" class=\"attachment-medium size-medium wp-image-2057\" alt=\"\" srcset=\"https:\/\/medusahumanrights.com\/wp-content\/uploads\/2022\/04\/litigio-derechos-humanos.png 400w, https:\/\/medusahumanrights.com\/wp-content\/uploads\/2022\/04\/litigio-derechos-humanos-100x100.png 100w\" sizes=\"100vw\" \/>\t\t\t\t\t\t\t\t\t\t\t\t\t\t\t<\/div>\n\t\t\t\t<div class=\"elementor-element elementor-element-bfd7442 elementor-widget elementor-widget-heading\" data-id=\"bfd7442\" data-element_type=\"widget\" data-e-type=\"widget\" data-widget_type=\"heading.default\">\n\t\t\t\t\t<h2 class=\"elementor-heading-title elementor-size-default\">Strategic human rights litigation<\/h2>\t\t\t\t<\/div>\n\t\t\t\t<div class=\"elementor-element elementor-element-05b5bad elementor-widget elementor-widget-text-editor\" data-id=\"05b5bad\" data-element_type=\"widget\" data-e-type=\"widget\" data-widget_type=\"text-editor.default\">\n\t\t\t\t\t\t\t\t\t<p>We understand strategic litigation as a revolutionary tool for social change. Our team works as a network to design and implement this type of litigation with the aim of generating new human rights standards.<\/p>\n\t\t\t\t\t\t\t\t<\/div>\n\t\t\t\t\t<\/div>\n\t\t<\/div>\n\t\t\t\t<div class=\"elementor-column elementor-col-25 elementor-top-column elementor-element elementor-element-5b6877b elementor-hidden-mobile\" data-id=\"5b6877b\" data-element_type=\"column\" data-e-type=\"column\">\n\t\t\t<div class=\"elementor-widget-wrap\">\n\t\t\t\t\t\t\t<\/div>\n\t\t<\/div>\n\t\t\t\t\t<\/div>\n\t\t<\/section>\n\t\t\t\t<\/div>\n\t\t","protected":false},"excerpt":{"rendered":"<p>Human Rights Advocacy Advocacy services At Medusa we approach all our cases from an intersectional approach. That is to say, whatever the situation is, we will take into account all those social and legal structures that affect the concerned person or group. Feasibility study of cases before international mechanisms Are you an organisation or a &hellip; <\/p>\n<p class=\"link-more\"><a href=\"https:\/\/medusahumanrights.com\/en\/advocacy\/\" class=\"more-link\">Continue reading<span class=\"screen-reader-text\"> &#8220;Advocacy&#8221;<\/span><\/a><\/p>\n","protected":false},"author":1,"featured_media":2044,"parent":0,"menu_order":0,"comment_status":"closed","ping_status":"closed","template":"elementor_header_footer","meta":{"_monsterinsights_skip_tracking":false,"_monsterinsights_sitenote_active":false,"_monsterinsights_sitenote_note":"","_monsterinsights_sitenote_category":0,"_themeisle_gutenberg_block_has_review":false,"footnotes":""},"class_list":["post-2112","page","type-page","status-publish","has-post-thumbnail","hentry"],"yoast_head":"<!-- This site is optimized with the Yoast SEO plugin v27.3 - https:\/\/yoast.com\/product\/yoast-seo-wordpress\/ -->\n<title>Advocacy - MEDUSA | DERECHOS HUMANOS - Abogadas y consultoras<\/title>\n<meta name=\"description\" content=\"At Medusa we approach all our cases from an intersectional approach. That is to say, whatever the situation is, we will take into account all those social and legal structures that affect the concerned person or group.\" \/>\n<meta name=\"robots\" content=\"index, follow, max-snippet:-1, max-image-preview:large, max-video-preview:-1\" \/>\n<link rel=\"canonical\" href=\"https:\/\/medusahumanrights.com\/en\/advocacy\/\" \/>\n<meta property=\"og:locale\" content=\"en_US\" \/>\n<meta property=\"og:type\" content=\"article\" \/>\n<meta property=\"og:title\" content=\"Advocacy - MEDUSA | DERECHOS HUMANOS - Abogadas y consultoras\" \/>\n<meta property=\"og:description\" content=\"At Medusa we approach all our cases from an intersectional approach. That is to say, whatever the situation is, we will take into account all those social and legal structures that affect the concerned person or group.\" \/>\n<meta property=\"og:url\" content=\"https:\/\/medusahumanrights.com\/en\/advocacy\/\" \/>\n<meta property=\"og:site_name\" content=\"MEDUSA | DERECHOS HUMANOS - Abogadas y consultoras\" \/>\n<meta property=\"article:modified_time\" content=\"2023-01-18T07:03:37+00:00\" \/>\n<meta property=\"og:image\" content=\"https:\/\/medusahumanrights.com\/wp-content\/uploads\/2022\/04\/3D4A4361.jpg\" \/>\n\t<meta property=\"og:image:width\" content=\"1920\" \/>\n\t<meta property=\"og:image:height\" content=\"1280\" \/>\n\t<meta property=\"og:image:type\" content=\"image\/jpeg\" \/>\n<meta name=\"twitter:card\" content=\"summary_large_image\" \/>\n<meta name=\"twitter:label1\" content=\"Est. reading time\" \/>\n\t<meta name=\"twitter:data1\" content=\"1 minute\" \/>\n<script type=\"application\/ld+json\" class=\"yoast-schema-graph\">{\"@context\":\"https:\\\/\\\/schema.org\",\"@graph\":[{\"@type\":\"WebPage\",\"@id\":\"https:\\\/\\\/medusahumanrights.com\\\/en\\\/advocacy\\\/\",\"url\":\"https:\\\/\\\/medusahumanrights.com\\\/en\\\/advocacy\\\/\",\"name\":\"Advocacy - MEDUSA | DERECHOS HUMANOS - Abogadas y consultoras\",\"isPartOf\":{\"@id\":\"https:\\\/\\\/medusahumanrights.com\\\/en\\\/#website\"},\"primaryImageOfPage\":{\"@id\":\"https:\\\/\\\/medusahumanrights.com\\\/en\\\/advocacy\\\/#primaryimage\"},\"image\":{\"@id\":\"https:\\\/\\\/medusahumanrights.com\\\/en\\\/advocacy\\\/#primaryimage\"},\"thumbnailUrl\":\"https:\\\/\\\/medusahumanrights.com\\\/wp-content\\\/uploads\\\/2022\\\/04\\\/3D4A4361.jpg\",\"datePublished\":\"2022-03-08T10:35:22+00:00\",\"dateModified\":\"2023-01-18T07:03:37+00:00\",\"description\":\"At Medusa we approach all our cases from an intersectional approach. That is to say, whatever the situation is, we will take into account all those social and legal structures that affect the concerned person or group.\",\"breadcrumb\":{\"@id\":\"https:\\\/\\\/medusahumanrights.com\\\/en\\\/advocacy\\\/#breadcrumb\"},\"inLanguage\":\"en-US\",\"potentialAction\":[{\"@type\":\"ReadAction\",\"target\":[\"https:\\\/\\\/medusahumanrights.com\\\/en\\\/advocacy\\\/\"]}]},{\"@type\":\"ImageObject\",\"inLanguage\":\"en-US\",\"@id\":\"https:\\\/\\\/medusahumanrights.com\\\/en\\\/advocacy\\\/#primaryimage\",\"url\":\"https:\\\/\\\/medusahumanrights.com\\\/wp-content\\\/uploads\\\/2022\\\/04\\\/3D4A4361.jpg\",\"contentUrl\":\"https:\\\/\\\/medusahumanrights.com\\\/wp-content\\\/uploads\\\/2022\\\/04\\\/3D4A4361.jpg\",\"width\":1920,\"height\":1280,\"caption\":\"Martillo representativo de la justicia junto a un ramo de flores sobre fondo rosa. imagen simb\u00f3lica de la abogac\u00eda\"},{\"@type\":\"BreadcrumbList\",\"@id\":\"https:\\\/\\\/medusahumanrights.com\\\/en\\\/advocacy\\\/#breadcrumb\",\"itemListElement\":[{\"@type\":\"ListItem\",\"position\":1,\"name\":\"Portada\",\"item\":\"https:\\\/\\\/medusahumanrights.com\\\/en\\\/\"},{\"@type\":\"ListItem\",\"position\":2,\"name\":\"Advocacy\"}]},{\"@type\":\"WebSite\",\"@id\":\"https:\\\/\\\/medusahumanrights.com\\\/en\\\/#website\",\"url\":\"https:\\\/\\\/medusahumanrights.com\\\/en\\\/\",\"name\":\"MEDUSA | DERECHOS HUMANOS - Abogadas y consultoras\",\"description\":\"MEDUSA es un espacio de abogac\u00eda y consultor\u00eda creado con el objetivo de reivindicar la importancia de la aplicaci\u00f3n del derecho internacional de los derechos humanos en el \u00e1mbito espa\u00f1ol desde un enfoque interseccional.\",\"publisher\":{\"@id\":\"https:\\\/\\\/medusahumanrights.com\\\/en\\\/#organization\"},\"potentialAction\":[{\"@type\":\"SearchAction\",\"target\":{\"@type\":\"EntryPoint\",\"urlTemplate\":\"https:\\\/\\\/medusahumanrights.com\\\/en\\\/?s={search_term_string}\"},\"query-input\":{\"@type\":\"PropertyValueSpecification\",\"valueRequired\":true,\"valueName\":\"search_term_string\"}}],\"inLanguage\":\"en-US\"},{\"@type\":\"Organization\",\"@id\":\"https:\\\/\\\/medusahumanrights.com\\\/en\\\/#organization\",\"name\":\"MEDUSA - Abogadas y Consultoras\",\"url\":\"https:\\\/\\\/medusahumanrights.com\\\/en\\\/\",\"logo\":{\"@type\":\"ImageObject\",\"inLanguage\":\"en-US\",\"@id\":\"https:\\\/\\\/medusahumanrights.com\\\/en\\\/#\\\/schema\\\/logo\\\/image\\\/\",\"url\":\"https:\\\/\\\/medusahumanrights.com\\\/wp-content\\\/uploads\\\/2022\\\/03\\\/cropped-LOGO-MEDUSA-PNG.png\",\"contentUrl\":\"https:\\\/\\\/medusahumanrights.com\\\/wp-content\\\/uploads\\\/2022\\\/03\\\/cropped-LOGO-MEDUSA-PNG.png\",\"width\":870,\"height\":250,\"caption\":\"MEDUSA - Abogadas y Consultoras\"},\"image\":{\"@id\":\"https:\\\/\\\/medusahumanrights.com\\\/en\\\/#\\\/schema\\\/logo\\\/image\\\/\"},\"sameAs\":[\"https:\\\/\\\/www.linkedin.com\\\/company\\\/medusa-abogadas-y-consultoras\\\/\"]}]}<\/script>\n<!-- \/ Yoast SEO plugin. -->","yoast_head_json":{"title":"Advocacy - MEDUSA | DERECHOS HUMANOS - Abogadas y consultoras","description":"At Medusa we approach all our cases from an intersectional approach. That is to say, whatever the situation is, we will take into account all those social and legal structures that affect the concerned person or group.","robots":{"index":"index","follow":"follow","max-snippet":"max-snippet:-1","max-image-preview":"max-image-preview:large","max-video-preview":"max-video-preview:-1"},"canonical":"https:\/\/medusahumanrights.com\/en\/advocacy\/","og_locale":"en_US","og_type":"article","og_title":"Advocacy - MEDUSA | DERECHOS HUMANOS - Abogadas y consultoras","og_description":"At Medusa we approach all our cases from an intersectional approach. That is to say, whatever the situation is, we will take into account all those social and legal structures that affect the concerned person or group.","og_url":"https:\/\/medusahumanrights.com\/en\/advocacy\/","og_site_name":"MEDUSA | DERECHOS HUMANOS - Abogadas y consultoras","article_modified_time":"2023-01-18T07:03:37+00:00","og_image":[{"width":1920,"height":1280,"url":"https:\/\/medusahumanrights.com\/wp-content\/uploads\/2022\/04\/3D4A4361.jpg","type":"image\/jpeg"}],"twitter_card":"summary_large_image","twitter_misc":{"Est. reading time":"1 minute"},"schema":{"@context":"https:\/\/schema.org","@graph":[{"@type":"WebPage","@id":"https:\/\/medusahumanrights.com\/en\/advocacy\/","url":"https:\/\/medusahumanrights.com\/en\/advocacy\/","name":"Advocacy - MEDUSA | DERECHOS HUMANOS - Abogadas y consultoras","isPartOf":{"@id":"https:\/\/medusahumanrights.com\/en\/#website"},"primaryImageOfPage":{"@id":"https:\/\/medusahumanrights.com\/en\/advocacy\/#primaryimage"},"image":{"@id":"https:\/\/medusahumanrights.com\/en\/advocacy\/#primaryimage"},"thumbnailUrl":"https:\/\/medusahumanrights.com\/wp-content\/uploads\/2022\/04\/3D4A4361.jpg","datePublished":"2022-03-08T10:35:22+00:00","dateModified":"2023-01-18T07:03:37+00:00","description":"At Medusa we approach all our cases from an intersectional approach. That is to say, whatever the situation is, we will take into account all those social and legal structures that affect the concerned person or group.","breadcrumb":{"@id":"https:\/\/medusahumanrights.com\/en\/advocacy\/#breadcrumb"},"inLanguage":"en-US","potentialAction":[{"@type":"ReadAction","target":["https:\/\/medusahumanrights.com\/en\/advocacy\/"]}]},{"@type":"ImageObject","inLanguage":"en-US","@id":"https:\/\/medusahumanrights.com\/en\/advocacy\/#primaryimage","url":"https:\/\/medusahumanrights.com\/wp-content\/uploads\/2022\/04\/3D4A4361.jpg","contentUrl":"https:\/\/medusahumanrights.com\/wp-content\/uploads\/2022\/04\/3D4A4361.jpg","width":1920,"height":1280,"caption":"Martillo representativo de la justicia junto a un ramo de flores sobre fondo rosa. imagen simb\u00f3lica de la abogac\u00eda"},{"@type":"BreadcrumbList","@id":"https:\/\/medusahumanrights.com\/en\/advocacy\/#breadcrumb","itemListElement":[{"@type":"ListItem","position":1,"name":"Portada","item":"https:\/\/medusahumanrights.com\/en\/"},{"@type":"ListItem","position":2,"name":"Advocacy"}]},{"@type":"WebSite","@id":"https:\/\/medusahumanrights.com\/en\/#website","url":"https:\/\/medusahumanrights.com\/en\/","name":"MEDUSA | DERECHOS HUMANOS - Abogadas y consultoras","description":"MEDUSA es un espacio de abogac\u00eda y consultor\u00eda creado con el objetivo de reivindicar la importancia de la aplicaci\u00f3n del derecho internacional de los derechos humanos en el \u00e1mbito espa\u00f1ol desde un enfoque interseccional.","publisher":{"@id":"https:\/\/medusahumanrights.com\/en\/#organization"},"potentialAction":[{"@type":"SearchAction","target":{"@type":"EntryPoint","urlTemplate":"https:\/\/medusahumanrights.com\/en\/?s={search_term_string}"},"query-input":{"@type":"PropertyValueSpecification","valueRequired":true,"valueName":"search_term_string"}}],"inLanguage":"en-US"},{"@type":"Organization","@id":"https:\/\/medusahumanrights.com\/en\/#organization","name":"MEDUSA - Abogadas y Consultoras","url":"https:\/\/medusahumanrights.com\/en\/","logo":{"@type":"ImageObject","inLanguage":"en-US","@id":"https:\/\/medusahumanrights.com\/en\/#\/schema\/logo\/image\/","url":"https:\/\/medusahumanrights.com\/wp-content\/uploads\/2022\/03\/cropped-LOGO-MEDUSA-PNG.png","contentUrl":"https:\/\/medusahumanrights.com\/wp-content\/uploads\/2022\/03\/cropped-LOGO-MEDUSA-PNG.png","width":870,"height":250,"caption":"MEDUSA - Abogadas y Consultoras"},"image":{"@id":"https:\/\/medusahumanrights.com\/en\/#\/schema\/logo\/image\/"},"sameAs":["https:\/\/www.linkedin.com\/company\/medusa-abogadas-y-consultoras\/"]}]}},"_links":{"self":[{"href":"https:\/\/medusahumanrights.com\/en\/wp-json\/wp\/v2\/pages\/2112","targetHints":{"allow":["GET"]}}],"collection":[{"href":"https:\/\/medusahumanrights.com\/en\/wp-json\/wp\/v2\/pages"}],"about":[{"href":"https:\/\/medusahumanrights.com\/en\/wp-json\/wp\/v2\/types\/page"}],"author":[{"embeddable":true,"href":"https:\/\/medusahumanrights.com\/en\/wp-json\/wp\/v2\/users\/1"}],"replies":[{"embeddable":true,"href":"https:\/\/medusahumanrights.com\/en\/wp-json\/wp\/v2\/comments?post=2112"}],"version-history":[{"count":1,"href":"https:\/\/medusahumanrights.com\/en\/wp-json\/wp\/v2\/pages\/2112\/revisions"}],"predecessor-version":[{"id":2113,"href":"https:\/\/medusahumanrights.com\/en\/wp-json\/wp\/v2\/pages\/2112\/revisions\/2113"}],"wp:featuredmedia":[{"embeddable":true,"href":"https:\/\/medusahumanrights.com\/en\/wp-json\/wp\/v2\/media\/2044"}],"wp:attachment":[{"href":"https:\/\/medusahumanrights.com\/en\/wp-json\/wp\/v2\/media?parent=2112"}],"curies":[{"name":"wp","href":"https:\/\/api.w.org\/{rel}","templated":true}]}}