{"id":2109,"date":"2022-03-08T10:35:04","date_gmt":"2022-03-08T10:35:04","guid":{"rendered":"https:\/\/medusahumanrights.com\/contact-us\/"},"modified":"2023-01-18T06:53:25","modified_gmt":"2023-01-18T06:53:25","slug":"contact-us","status":"publish","type":"page","link":"https:\/\/medusahumanrights.com\/en\/contact-us\/","title":{"rendered":"Contact us"},"content":{"rendered":"\t\t<div data-elementor-type=\"wp-post\" data-elementor-id=\"2109\" class=\"elementor elementor-2109 elementor-92\" data-elementor-post-type=\"page\">\n\t\t\t\t\t\t<section class=\"elementor-section elementor-top-section elementor-element elementor-element-7f3a49d3 elementor-section-height-min-height elementor-section-boxed elementor-section-height-default elementor-section-items-middle\" data-id=\"7f3a49d3\" data-element_type=\"section\" data-e-type=\"section\" data-settings=\"{&quot;background_background&quot;:&quot;classic&quot;}\">\n\t\t\t\t\t\t\t<div class=\"elementor-background-overlay\"><\/div>\n\t\t\t\t\t\t\t<div class=\"elementor-container elementor-column-gap-default\">\n\t\t\t\t\t<div class=\"elementor-column elementor-col-100 elementor-top-column elementor-element elementor-element-494ba4ca\" data-id=\"494ba4ca\" data-element_type=\"column\" data-e-type=\"column\">\n\t\t\t<div class=\"elementor-widget-wrap elementor-element-populated\">\n\t\t\t\t\t\t<div class=\"elementor-element elementor-element-2ddb5f33 elementor-widget elementor-widget-heading\" data-id=\"2ddb5f33\" data-element_type=\"widget\" data-e-type=\"widget\" data-widget_type=\"heading.default\">\n\t\t\t\t\t<h1 class=\"elementor-heading-title elementor-size-default\">Contact us<\/h1>\t\t\t\t<\/div>\n\t\t\t\t\t<\/div>\n\t\t<\/div>\n\t\t\t\t\t<\/div>\n\t\t<\/section>\n\t\t\t\t<section class=\"elementor-section elementor-top-section elementor-element elementor-element-14c5834c elementor-section-height-min-height elementor-section-boxed elementor-section-height-default elementor-section-items-middle\" data-id=\"14c5834c\" data-element_type=\"section\" data-e-type=\"section\" data-settings=\"{&quot;background_background&quot;:&quot;classic&quot;}\">\n\t\t\t\t\t\t<div class=\"elementor-container elementor-column-gap-default\">\n\t\t\t\t\t<div class=\"elementor-column elementor-col-50 elementor-top-column elementor-element elementor-element-2a219609\" data-id=\"2a219609\" data-element_type=\"column\" data-e-type=\"column\">\n\t\t\t<div class=\"elementor-widget-wrap elementor-element-populated\">\n\t\t\t\t\t\t<div class=\"elementor-element elementor-element-70e22d2b elementor-widget elementor-widget-heading\" data-id=\"70e22d2b\" data-element_type=\"widget\" data-e-type=\"widget\" data-widget_type=\"heading.default\">\n\t\t\t\t\t<h2 class=\"elementor-heading-title elementor-size-default\">Contact us<\/h2>\t\t\t\t<\/div>\n\t\t\t\t\t<\/div>\n\t\t<\/div>\n\t\t\t\t<div class=\"elementor-column elementor-col-50 elementor-top-column elementor-element elementor-element-195154fe\" data-id=\"195154fe\" data-element_type=\"column\" data-e-type=\"column\" data-settings=\"{&quot;background_background&quot;:&quot;classic&quot;}\">\n\t\t\t<div class=\"elementor-widget-wrap elementor-element-populated\">\n\t\t\t\t\t\t<div class=\"elementor-element elementor-element-7504db20 elementor-button-align-end elementor-mobile-button-align-stretch elementor-widget elementor-widget-form\" data-id=\"7504db20\" data-element_type=\"widget\" data-e-type=\"widget\" data-settings=\"{&quot;step_next_label&quot;:&quot;Next&quot;,&quot;step_previous_label&quot;:&quot;Previous&quot;,&quot;button_width&quot;:&quot;100&quot;,&quot;step_type&quot;:&quot;number_text&quot;,&quot;step_icon_shape&quot;:&quot;circle&quot;}\" data-widget_type=\"form.default\">\n\t\t\t\t\t\t\t<form class=\"elementor-form\" method=\"post\" name=\"New Form\" aria-label=\"New Form\">\n\t\t\t<input type=\"hidden\" name=\"post_id\" value=\"2109\"\/>\n\t\t\t<input type=\"hidden\" name=\"form_id\" value=\"7504db20\"\/>\n\t\t\t<input type=\"hidden\" name=\"referer_title\" value=\"Contact us - MEDUSA | DERECHOS HUMANOS - Abogadas y consultoras\" \/>\n\n\t\t\t\t\t\t\t<input type=\"hidden\" name=\"queried_id\" value=\"2109\"\/>\n\t\t\t\n\t\t\t<div class=\"elementor-form-fields-wrapper elementor-labels-\">\n\t\t\t\t\t\t\t\t<div class=\"elementor-field-type-text elementor-field-group elementor-column elementor-field-group-name elementor-col-50\">\n\t\t\t\t\t\t\t\t\t\t\t\t<label for=\"form-field-name\" class=\"elementor-field-label elementor-screen-only\">\n\t\t\t\t\t\t\t\tName and surname\t\t\t\t\t\t\t<\/label>\n\t\t\t\t\t\t\t\t\t\t\t\t\t\t<input size=\"1\" type=\"text\" name=\"form_fields[name]\" id=\"form-field-name\" class=\"elementor-field elementor-size-md  elementor-field-textual\" placeholder=\"Name and surname\">\n\t\t\t\t\t\t\t\t\t\t\t<\/div>\n\t\t\t\t\t\t\t\t<div class=\"elementor-field-type-email elementor-field-group elementor-column elementor-field-group-email elementor-col-50 elementor-field-required\">\n\t\t\t\t\t\t\t\t\t\t\t\t<label for=\"form-field-email\" class=\"elementor-field-label elementor-screen-only\">\n\t\t\t\t\t\t\t\tEmail\t\t\t\t\t\t\t<\/label>\n\t\t\t\t\t\t\t\t\t\t\t\t\t\t<input size=\"1\" type=\"email\" name=\"form_fields[email]\" id=\"form-field-email\" class=\"elementor-field elementor-size-md  elementor-field-textual\" placeholder=\"Email\" required=\"required\">\n\t\t\t\t\t\t\t\t\t\t\t<\/div>\n\t\t\t\t\t\t\t\t<div class=\"elementor-field-type-tel elementor-field-group elementor-column elementor-field-group-field_1 elementor-col-50 elementor-field-required\">\n\t\t\t\t\t\t\t\t\t\t\t\t<label for=\"form-field-field_1\" class=\"elementor-field-label elementor-screen-only\">\n\t\t\t\t\t\t\t\tTelephone\t\t\t\t\t\t\t<\/label>\n\t\t\t\t\t\t\t\t<input size=\"1\" type=\"tel\" name=\"form_fields[field_1]\" id=\"form-field-field_1\" class=\"elementor-field elementor-size-md  elementor-field-textual\" placeholder=\"Telephone\" required=\"required\" pattern=\"[0-9()#&amp;+*-=.]+\" title=\"Only numbers and phone characters (#, -, *, etc) are accepted.\">\n\n\t\t\t\t\t\t<\/div>\n\t\t\t\t\t\t\t\t<div class=\"elementor-field-type-text elementor-field-group elementor-column elementor-field-group-field_2 elementor-col-50 elementor-field-required\">\n\t\t\t\t\t\t\t\t\t\t\t\t<label for=\"form-field-field_2\" class=\"elementor-field-label elementor-screen-only\">\n\t\t\t\t\t\t\t\tSubject\t\t\t\t\t\t\t<\/label>\n\t\t\t\t\t\t\t\t\t\t\t\t\t\t<input size=\"1\" type=\"text\" name=\"form_fields[field_2]\" id=\"form-field-field_2\" class=\"elementor-field elementor-size-md  elementor-field-textual\" placeholder=\"Subject\" required=\"required\">\n\t\t\t\t\t\t\t\t\t\t\t<\/div>\n\t\t\t\t\t\t\t\t<div class=\"elementor-field-type-textarea elementor-field-group elementor-column elementor-field-group-message elementor-col-100\">\n\t\t\t\t\t\t\t\t\t\t\t\t<label for=\"form-field-message\" class=\"elementor-field-label elementor-screen-only\">\n\t\t\t\t\t\t\t\tMessage\t\t\t\t\t\t\t<\/label>\n\t\t\t\t\t\t<textarea class=\"elementor-field-textual elementor-field  elementor-size-md\" name=\"form_fields[message]\" id=\"form-field-message\" rows=\"6\" placeholder=\"Message\"><\/textarea>\t\t\t\t<\/div>\n\t\t\t\t\t\t\t\t<div class=\"elementor-field-type-acceptance elementor-field-group elementor-column elementor-field-group-field_b594165 elementor-col-100 elementor-field-required\">\n\t\t\t\t\t\t\t<div class=\"elementor-field-subgroup\">\n\t\t\t<span class=\"elementor-field-option\">\n\t\t\t\t<input type=\"checkbox\" name=\"form_fields[field_b594165]\" id=\"form-field-field_b594165\" class=\"elementor-field elementor-size-md  elementor-acceptance-field\" required=\"required\">\n\t\t\t\t<label for=\"form-field-field_b594165\">I have read and accept the <a href=\"https:\/\/medusahumanrights.com\/politica-de-privacidad\/\" target=\"_blank\">privacy policy<\/a>.<\/label>\t\t\t<\/span>\n\t\t<\/div>\n\t\t\t\t\t\t<\/div>\n\t\t\t\t\t\t\t\t<div class=\"elementor-field-group elementor-column elementor-field-type-submit elementor-col-100 e-form__buttons\">\n\t\t\t\t\t<button class=\"elementor-button elementor-size-md\" type=\"submit\">\n\t\t\t\t\t\t<span class=\"elementor-button-content-wrapper\">\n\t\t\t\t\t\t\t\t\t\t\t\t\t\t\t<span class=\"elementor-button-icon\">\n\t\t\t\t\t\t\t\t\t<svg aria-hidden=\"true\" class=\"e-font-icon-svg e-far-paper-plane\" viewBox=\"0 0 512 512\" xmlns=\"http:\/\/www.w3.org\/2000\/svg\"><path d=\"M440 6.5L24 246.4c-34.4 19.9-31.1 70.8 5.7 85.9L144 379.6V464c0 46.4 59.2 65.5 86.6 28.6l43.8-59.1 111.9 46.2c5.9 2.4 12.1 3.6 18.3 3.6 8.2 0 16.3-2.1 23.6-6.2 12.8-7.2 21.6-20 23.9-34.5l59.4-387.2c6.1-40.1-36.9-68.8-71.5-48.9zM192 464v-64.6l36.6 15.1L192 464zm212.6-28.7l-153.8-63.5L391 169.5c10.7-15.5-9.5-33.5-23.7-21.2L155.8 332.6 48 288 464 48l-59.4 387.3z\"><\/path><\/svg>\t\t\t\t\t\t\t\t\t\t\t\t\t\t\t\t\t<\/span>\n\t\t\t\t\t\t\t\t\t\t\t\t\t\t\t\t\t\t\t\t\t\t<span class=\"elementor-button-text\">Send<\/span>\n\t\t\t\t\t\t\t\t\t\t\t\t\t<\/span>\n\t\t\t\t\t<\/button>\n\t\t\t\t<\/div>\n\t\t\t<\/div>\n\t\t<\/form>\n\t\t\t\t\t\t<\/div>\n\t\t\t\t<div class=\"elementor-element elementor-element-c279aa7 elementor-widget elementor-widget-text-editor\" data-id=\"c279aa7\" data-element_type=\"widget\" data-e-type=\"widget\" data-widget_type=\"text-editor.default\">\n\t\t\t\t\t\t\t\t\t<p><small>Pursuant to the provisions of the General Personal Data Protection Regulation, the client whose details appear on this form expressly consents to MEDUSA DERECHOS HUMANOS ABOGADAS Y CONSULTORAS S.L.L.P. processing his\/her personal data for the purpose of invoicing and promoting the services marketed with the same, as well as authorising communication with those entities with which it has entered into a contract for the provision and promotion of services. The data will be included in an automated file belonging to MEDUSA DERECHOS HUMANOS ABOGADAS Y CONSULTORAS S.L.L.P. which has the necessary security measures for confidentiality and you may exercise your rights of access, rectification, cancellation\/deletion, opposition, limitation or portability in accordance with the law by writing to <a href=\"mailto:info@medusahumanrights.com\" target=\"_blank\" rel=\"noopener\">info@medusahumanrights.com<\/a> .<\/small><\/p>\n\t\t\t\t\t\t\t\t<\/div>\n\t\t\t\t\t<\/div>\n\t\t<\/div>\n\t\t\t\t\t<\/div>\n\t\t<\/section>\n\t\t\t\t<\/div>\n\t\t","protected":false},"excerpt":{"rendered":"<p>Contact us Contact us Pursuant to the provisions of the General Personal Data Protection Regulation, the client whose details appear on this form expressly consents to MEDUSA DERECHOS HUMANOS ABOGADAS Y CONSULTORAS S.L.L.P. processing his\/her personal data for the purpose of invoicing and promoting the services marketed with the same, as well as authorising communication &hellip; <\/p>\n<p class=\"link-more\"><a href=\"https:\/\/medusahumanrights.com\/en\/contact-us\/\" class=\"more-link\">Continue reading<span class=\"screen-reader-text\"> &#8220;Contact us&#8221;<\/span><\/a><\/p>\n","protected":false},"author":1,"featured_media":2048,"parent":0,"menu_order":0,"comment_status":"closed","ping_status":"closed","template":"elementor_header_footer","meta":{"_monsterinsights_skip_tracking":false,"_monsterinsights_sitenote_active":false,"_monsterinsights_sitenote_note":"","_monsterinsights_sitenote_category":0,"_themeisle_gutenberg_block_has_review":false,"footnotes":""},"class_list":["post-2109","page","type-page","status-publish","has-post-thumbnail","hentry"],"yoast_head":"<!-- This site is optimized with the Yoast SEO plugin v27.3 - https:\/\/yoast.com\/product\/yoast-seo-wordpress\/ -->\n<title>Contact us - MEDUSA | DERECHOS HUMANOS - Abogadas y consultoras<\/title>\n<meta name=\"description\" content=\"Whether you are a social organisation, a public body, a private entity, an educational institution, a legal practitioner or an individual and you want to know how international human rights law can help you - Contact us.\" \/>\n<meta name=\"robots\" content=\"index, follow, max-snippet:-1, max-image-preview:large, max-video-preview:-1\" \/>\n<link rel=\"canonical\" href=\"https:\/\/medusahumanrights.com\/en\/contact-us\/\" \/>\n<meta property=\"og:locale\" content=\"en_US\" \/>\n<meta property=\"og:type\" content=\"article\" \/>\n<meta property=\"og:title\" content=\"Contact us - MEDUSA | DERECHOS HUMANOS - Abogadas y consultoras\" \/>\n<meta property=\"og:description\" content=\"Whether you are a social organisation, a public body, a private entity, an educational institution, a legal practitioner or an individual and you want to know how international human rights law can help you - Contact us.\" \/>\n<meta property=\"og:url\" content=\"https:\/\/medusahumanrights.com\/en\/contact-us\/\" \/>\n<meta property=\"og:site_name\" content=\"MEDUSA | DERECHOS HUMANOS - Abogadas y consultoras\" \/>\n<meta property=\"article:modified_time\" content=\"2023-01-18T06:53:25+00:00\" \/>\n<meta property=\"og:image\" content=\"https:\/\/medusahumanrights.com\/wp-content\/uploads\/2022\/04\/3D4A4775a.jpg\" \/>\n\t<meta property=\"og:image:width\" content=\"1920\" \/>\n\t<meta property=\"og:image:height\" content=\"1280\" \/>\n\t<meta property=\"og:image:type\" content=\"image\/jpeg\" \/>\n<meta name=\"twitter:card\" content=\"summary_large_image\" \/>\n<meta name=\"twitter:label1\" content=\"Est. reading time\" \/>\n\t<meta name=\"twitter:data1\" content=\"1 minute\" \/>\n<script type=\"application\/ld+json\" class=\"yoast-schema-graph\">{\"@context\":\"https:\\\/\\\/schema.org\",\"@graph\":[{\"@type\":\"WebPage\",\"@id\":\"https:\\\/\\\/medusahumanrights.com\\\/en\\\/contact-us\\\/\",\"url\":\"https:\\\/\\\/medusahumanrights.com\\\/en\\\/contact-us\\\/\",\"name\":\"Contact us - MEDUSA | DERECHOS HUMANOS - Abogadas y consultoras\",\"isPartOf\":{\"@id\":\"https:\\\/\\\/medusahumanrights.com\\\/en\\\/#website\"},\"primaryImageOfPage\":{\"@id\":\"https:\\\/\\\/medusahumanrights.com\\\/en\\\/contact-us\\\/#primaryimage\"},\"image\":{\"@id\":\"https:\\\/\\\/medusahumanrights.com\\\/en\\\/contact-us\\\/#primaryimage\"},\"thumbnailUrl\":\"https:\\\/\\\/medusahumanrights.com\\\/wp-content\\\/uploads\\\/2022\\\/04\\\/3D4A4775a.jpg\",\"datePublished\":\"2022-03-08T10:35:04+00:00\",\"dateModified\":\"2023-01-18T06:53:25+00:00\",\"description\":\"Whether you are a social organisation, a public body, a private entity, an educational institution, a legal practitioner or an individual and you want to know how international human rights law can help you - Contact us.\",\"breadcrumb\":{\"@id\":\"https:\\\/\\\/medusahumanrights.com\\\/en\\\/contact-us\\\/#breadcrumb\"},\"inLanguage\":\"en-US\",\"potentialAction\":[{\"@type\":\"ReadAction\",\"target\":[\"https:\\\/\\\/medusahumanrights.com\\\/en\\\/contact-us\\\/\"]}]},{\"@type\":\"ImageObject\",\"inLanguage\":\"en-US\",\"@id\":\"https:\\\/\\\/medusahumanrights.com\\\/en\\\/contact-us\\\/#primaryimage\",\"url\":\"https:\\\/\\\/medusahumanrights.com\\\/wp-content\\\/uploads\\\/2022\\\/04\\\/3D4A4775a.jpg\",\"contentUrl\":\"https:\\\/\\\/medusahumanrights.com\\\/wp-content\\\/uploads\\\/2022\\\/04\\\/3D4A4775a.jpg\",\"width\":1920,\"height\":1280},{\"@type\":\"BreadcrumbList\",\"@id\":\"https:\\\/\\\/medusahumanrights.com\\\/en\\\/contact-us\\\/#breadcrumb\",\"itemListElement\":[{\"@type\":\"ListItem\",\"position\":1,\"name\":\"Portada\",\"item\":\"https:\\\/\\\/medusahumanrights.com\\\/en\\\/\"},{\"@type\":\"ListItem\",\"position\":2,\"name\":\"Contact us\"}]},{\"@type\":\"WebSite\",\"@id\":\"https:\\\/\\\/medusahumanrights.com\\\/en\\\/#website\",\"url\":\"https:\\\/\\\/medusahumanrights.com\\\/en\\\/\",\"name\":\"MEDUSA | DERECHOS HUMANOS - Abogadas y consultoras\",\"description\":\"MEDUSA es un espacio de abogac\u00eda y consultor\u00eda creado con el objetivo de reivindicar la importancia de la aplicaci\u00f3n del derecho internacional de los derechos humanos en el \u00e1mbito espa\u00f1ol desde un enfoque interseccional.\",\"publisher\":{\"@id\":\"https:\\\/\\\/medusahumanrights.com\\\/en\\\/#organization\"},\"potentialAction\":[{\"@type\":\"SearchAction\",\"target\":{\"@type\":\"EntryPoint\",\"urlTemplate\":\"https:\\\/\\\/medusahumanrights.com\\\/en\\\/?s={search_term_string}\"},\"query-input\":{\"@type\":\"PropertyValueSpecification\",\"valueRequired\":true,\"valueName\":\"search_term_string\"}}],\"inLanguage\":\"en-US\"},{\"@type\":\"Organization\",\"@id\":\"https:\\\/\\\/medusahumanrights.com\\\/en\\\/#organization\",\"name\":\"MEDUSA - Abogadas y Consultoras\",\"url\":\"https:\\\/\\\/medusahumanrights.com\\\/en\\\/\",\"logo\":{\"@type\":\"ImageObject\",\"inLanguage\":\"en-US\",\"@id\":\"https:\\\/\\\/medusahumanrights.com\\\/en\\\/#\\\/schema\\\/logo\\\/image\\\/\",\"url\":\"https:\\\/\\\/medusahumanrights.com\\\/wp-content\\\/uploads\\\/2022\\\/03\\\/cropped-LOGO-MEDUSA-PNG.png\",\"contentUrl\":\"https:\\\/\\\/medusahumanrights.com\\\/wp-content\\\/uploads\\\/2022\\\/03\\\/cropped-LOGO-MEDUSA-PNG.png\",\"width\":870,\"height\":250,\"caption\":\"MEDUSA - Abogadas y Consultoras\"},\"image\":{\"@id\":\"https:\\\/\\\/medusahumanrights.com\\\/en\\\/#\\\/schema\\\/logo\\\/image\\\/\"},\"sameAs\":[\"https:\\\/\\\/www.linkedin.com\\\/company\\\/medusa-abogadas-y-consultoras\\\/\"]}]}<\/script>\n<!-- \/ Yoast SEO plugin. -->","yoast_head_json":{"title":"Contact us - MEDUSA | DERECHOS HUMANOS - Abogadas y consultoras","description":"Whether you are a social organisation, a public body, a private entity, an educational institution, a legal practitioner or an individual and you want to know how international human rights law can help you - Contact us.","robots":{"index":"index","follow":"follow","max-snippet":"max-snippet:-1","max-image-preview":"max-image-preview:large","max-video-preview":"max-video-preview:-1"},"canonical":"https:\/\/medusahumanrights.com\/en\/contact-us\/","og_locale":"en_US","og_type":"article","og_title":"Contact us - MEDUSA | DERECHOS HUMANOS - Abogadas y consultoras","og_description":"Whether you are a social organisation, a public body, a private entity, an educational institution, a legal practitioner or an individual and you want to know how international human rights law can help you - Contact us.","og_url":"https:\/\/medusahumanrights.com\/en\/contact-us\/","og_site_name":"MEDUSA | DERECHOS HUMANOS - Abogadas y consultoras","article_modified_time":"2023-01-18T06:53:25+00:00","og_image":[{"width":1920,"height":1280,"url":"https:\/\/medusahumanrights.com\/wp-content\/uploads\/2022\/04\/3D4A4775a.jpg","type":"image\/jpeg"}],"twitter_card":"summary_large_image","twitter_misc":{"Est. reading time":"1 minute"},"schema":{"@context":"https:\/\/schema.org","@graph":[{"@type":"WebPage","@id":"https:\/\/medusahumanrights.com\/en\/contact-us\/","url":"https:\/\/medusahumanrights.com\/en\/contact-us\/","name":"Contact us - MEDUSA | DERECHOS HUMANOS - Abogadas y consultoras","isPartOf":{"@id":"https:\/\/medusahumanrights.com\/en\/#website"},"primaryImageOfPage":{"@id":"https:\/\/medusahumanrights.com\/en\/contact-us\/#primaryimage"},"image":{"@id":"https:\/\/medusahumanrights.com\/en\/contact-us\/#primaryimage"},"thumbnailUrl":"https:\/\/medusahumanrights.com\/wp-content\/uploads\/2022\/04\/3D4A4775a.jpg","datePublished":"2022-03-08T10:35:04+00:00","dateModified":"2023-01-18T06:53:25+00:00","description":"Whether you are a social organisation, a public body, a private entity, an educational institution, a legal practitioner or an individual and you want to know how international human rights law can help you - Contact us.","breadcrumb":{"@id":"https:\/\/medusahumanrights.com\/en\/contact-us\/#breadcrumb"},"inLanguage":"en-US","potentialAction":[{"@type":"ReadAction","target":["https:\/\/medusahumanrights.com\/en\/contact-us\/"]}]},{"@type":"ImageObject","inLanguage":"en-US","@id":"https:\/\/medusahumanrights.com\/en\/contact-us\/#primaryimage","url":"https:\/\/medusahumanrights.com\/wp-content\/uploads\/2022\/04\/3D4A4775a.jpg","contentUrl":"https:\/\/medusahumanrights.com\/wp-content\/uploads\/2022\/04\/3D4A4775a.jpg","width":1920,"height":1280},{"@type":"BreadcrumbList","@id":"https:\/\/medusahumanrights.com\/en\/contact-us\/#breadcrumb","itemListElement":[{"@type":"ListItem","position":1,"name":"Portada","item":"https:\/\/medusahumanrights.com\/en\/"},{"@type":"ListItem","position":2,"name":"Contact us"}]},{"@type":"WebSite","@id":"https:\/\/medusahumanrights.com\/en\/#website","url":"https:\/\/medusahumanrights.com\/en\/","name":"MEDUSA | DERECHOS HUMANOS - Abogadas y consultoras","description":"MEDUSA es un espacio de abogac\u00eda y consultor\u00eda creado con el objetivo de reivindicar la importancia de la aplicaci\u00f3n del derecho internacional de los derechos humanos en el \u00e1mbito espa\u00f1ol desde un enfoque interseccional.","publisher":{"@id":"https:\/\/medusahumanrights.com\/en\/#organization"},"potentialAction":[{"@type":"SearchAction","target":{"@type":"EntryPoint","urlTemplate":"https:\/\/medusahumanrights.com\/en\/?s={search_term_string}"},"query-input":{"@type":"PropertyValueSpecification","valueRequired":true,"valueName":"search_term_string"}}],"inLanguage":"en-US"},{"@type":"Organization","@id":"https:\/\/medusahumanrights.com\/en\/#organization","name":"MEDUSA - Abogadas y Consultoras","url":"https:\/\/medusahumanrights.com\/en\/","logo":{"@type":"ImageObject","inLanguage":"en-US","@id":"https:\/\/medusahumanrights.com\/en\/#\/schema\/logo\/image\/","url":"https:\/\/medusahumanrights.com\/wp-content\/uploads\/2022\/03\/cropped-LOGO-MEDUSA-PNG.png","contentUrl":"https:\/\/medusahumanrights.com\/wp-content\/uploads\/2022\/03\/cropped-LOGO-MEDUSA-PNG.png","width":870,"height":250,"caption":"MEDUSA - Abogadas y Consultoras"},"image":{"@id":"https:\/\/medusahumanrights.com\/en\/#\/schema\/logo\/image\/"},"sameAs":["https:\/\/www.linkedin.com\/company\/medusa-abogadas-y-consultoras\/"]}]}},"_links":{"self":[{"href":"https:\/\/medusahumanrights.com\/en\/wp-json\/wp\/v2\/pages\/2109","targetHints":{"allow":["GET"]}}],"collection":[{"href":"https:\/\/medusahumanrights.com\/en\/wp-json\/wp\/v2\/pages"}],"about":[{"href":"https:\/\/medusahumanrights.com\/en\/wp-json\/wp\/v2\/types\/page"}],"author":[{"embeddable":true,"href":"https:\/\/medusahumanrights.com\/en\/wp-json\/wp\/v2\/users\/1"}],"replies":[{"embeddable":true,"href":"https:\/\/medusahumanrights.com\/en\/wp-json\/wp\/v2\/comments?post=2109"}],"version-history":[{"count":1,"href":"https:\/\/medusahumanrights.com\/en\/wp-json\/wp\/v2\/pages\/2109\/revisions"}],"predecessor-version":[{"id":2110,"href":"https:\/\/medusahumanrights.com\/en\/wp-json\/wp\/v2\/pages\/2109\/revisions\/2110"}],"wp:featuredmedia":[{"embeddable":true,"href":"https:\/\/medusahumanrights.com\/en\/wp-json\/wp\/v2\/media\/2048"}],"wp:attachment":[{"href":"https:\/\/medusahumanrights.com\/en\/wp-json\/wp\/v2\/media?parent=2109"}],"curies":[{"name":"wp","href":"https:\/\/api.w.org\/{rel}","templated":true}]}}